{"id":10,"date":"2019-03-15T15:35:53","date_gmt":"2019-03-15T14:35:53","guid":{"rendered":"http:\/\/yyqrzwwvyb.cyon.link\/?page_id=10"},"modified":"2025-09-04T11:20:42","modified_gmt":"2025-09-04T09:20:42","slug":"vorstand","status":"publish","type":"page","link":"https:\/\/www.svp-international.ch\/de\/ueber-uns\/organisation\/vorstand\/","title":{"rendered":"Vorstand"},"content":{"rendered":"<div id=\"pl-10\"  class=\"panel-layout\" ><div id=\"pg-10-0\"  class=\"panel-grid panel-has-style\" ><div data-iw-animation-delay=\"\" data-iw-animation-position=\"\" class=\"panel-row-style panel-row-style-for-10-0\" ><div id=\"pgc-10-0-0\"  class=\"panel-grid-cell\" ><div id=\"panel-10-0-0-0\" class=\"so-panel widget widget_sow-editor panel-first-child panel-last-child\" data-index=\"0\" ><div data-iw-animation-delay=\"\" data-iw-animation-position=\"\" class=\"panel-widget-style panel-widget-style-for-10-0-0-0\" ><div\n\t\t\t\n\t\t\tclass=\"so-widget-sow-editor so-widget-sow-editor-base\"\n\t\t\t\n\t\t>\n<div class=\"siteorigin-widget-tinymce textwidget\">\n\t<div class=\"organBox personenprofil\">\n        <div class=\"autorBoxTitle\">Pr\u00e4sidentin<\/div>\n            <div class=\"autorBoxImage\"><img decoding=\"async\" src=\"https:\/\/www.svp-international.ch\/de\/wp-content\/uploads\/sites\/27\/Profil-Bil-Inge-1-720x720.jpg\" alt=\"\"\/><\/div>\n    \n    <div class=\"autorBoxname\">Inge Sch\u00fctz<\/div>\n\n        <div class=\"autorBoxFunction\">Schweiz\/Schweden<\/div>\n                        <!-- contact Detail -->\n                                                            <div class=\"autorBoxProfilLink\"><i class=\"uk-icon-angle-double-right\"><\/i> <a href=\"https:\/\/www.svp-international.ch\/de\/personen\/inge-schuetz\/\">zum Profil<\/a><\/div>\n            <\/div>\n\n<\/div>\n<\/div><\/div><\/div><\/div><div id=\"pgc-10-0-1\"  class=\"panel-grid-cell\" ><div id=\"panel-10-0-1-0\" class=\"so-panel widget widget_sow-editor panel-first-child panel-last-child\" data-index=\"1\" ><div data-iw-animation-delay=\"\" data-iw-animation-position=\"\" class=\"panel-widget-style panel-widget-style-for-10-0-1-0\" ><div\n\t\t\t\n\t\t\tclass=\"so-widget-sow-editor so-widget-sow-editor-base\"\n\t\t\t\n\t\t>\n<div class=\"siteorigin-widget-tinymce textwidget\">\n\t<div class=\"organBox personenprofil\">\n        <div class=\"autorBoxTitle\">Sekret\u00e4r<\/div>\n            <div class=\"autorBoxImage\"><img decoding=\"async\" src=\"https:\/\/www.svp-international.ch\/de\/wp-content\/uploads\/sites\/27\/Profil-Bild-Pascal-e1756973315466-720x720.jpeg\" alt=\"\"\/><\/div>\n    \n    <div class=\"autorBoxname\">Pascal Senn<\/div>\n\n                        <!-- contact Detail -->\n                                                            <div class=\"autorBoxProfilLink\"><i class=\"uk-icon-angle-double-right\"><\/i> <a href=\"https:\/\/www.svp-international.ch\/de\/personen\/yannik-beugger\/\">zum Profil<\/a><\/div>\n            <\/div>\n\n<\/div>\n<\/div><\/div><\/div><\/div><div id=\"pgc-10-0-2\"  class=\"panel-grid-cell\" ><div id=\"panel-10-0-2-0\" class=\"so-panel widget widget_sow-editor panel-first-child panel-last-child\" data-index=\"2\" ><div data-iw-animation-delay=\"\" data-iw-animation-position=\"\" class=\"panel-widget-style panel-widget-style-for-10-0-2-0\" ><div\n\t\t\t\n\t\t\tclass=\"so-widget-sow-editor so-widget-sow-editor-base\"\n\t\t\t\n\t\t>\n<div class=\"siteorigin-widget-tinymce textwidget\">\n\t<div class=\"organBox personenprofil\">\n        <div class=\"autorBoxTitle\">Nationalrat<\/div>\n            <div class=\"autorBoxImage\"><img decoding=\"async\" src=\"https:\/\/www.svp-international.ch\/de\/wp-content\/uploads\/sites\/27\/Profil-Bild-Roli.jpg\" alt=\"\"\/><\/div>\n    \n    <div class=\"autorBoxname\">Roland Rino B\u00fcchel<\/div>\n\n        <div class=\"autorBoxFunction\">Nationalrat<\/div>\n                        <!-- contact Detail -->\n                                                            <div class=\"autorBoxProfilLink\"><i class=\"uk-icon-angle-double-right\"><\/i> <a href=\"https:\/\/www.svp-international.ch\/de\/personen\/roland-rino-buechel\/\">zum Profil<\/a><\/div>\n            <\/div>\n\n<\/div>\n<\/div><\/div><\/div><\/div><div id=\"pgc-10-0-3\"  class=\"panel-grid-cell\" ><div id=\"panel-10-0-3-0\" class=\"so-panel widget widget_sow-editor panel-first-child panel-last-child\" data-index=\"3\" ><div data-iw-animation-delay=\"\" data-iw-animation-position=\"\" class=\"panel-widget-style panel-widget-style-for-10-0-3-0\" ><div\n\t\t\t\n\t\t\tclass=\"so-widget-sow-editor so-widget-sow-editor-base\"\n\t\t\t\n\t\t>\n<div class=\"siteorigin-widget-tinymce textwidget\">\n\t<div class=\"organBox personenprofil\">\n        <div class=\"autorBoxTitle\">Nationalr\u00e4tin<\/div>\n            <div class=\"autorBoxImage\"><img decoding=\"async\" src=\"https:\/\/www.svp-international.ch\/de\/wp-content\/uploads\/sites\/27\/Monika-R\u00fcegger.jpg\" alt=\"\"\/><\/div>\n    \n    <div class=\"autorBoxname\">Monika R\u00fcegger<\/div>\n\n        <div class=\"autorBoxFunction\">Nationalr\u00e4tin<\/div>\n                        <!-- contact Detail -->\n                                                            <div class=\"autorBoxProfilLink\"><i class=\"uk-icon-angle-double-right\"><\/i> <a href=\"https:\/\/www.svp-international.ch\/de\/personen\/monika-rueegger\/\">zum Profil<\/a><\/div>\n            <\/div>\n\n<\/div>\n<\/div><\/div><\/div><\/div><\/div><\/div><div id=\"pg-10-1\"  class=\"panel-grid panel-has-style\" ><div data-iw-animation-delay=\"\" data-iw-animation-position=\"\" class=\"panel-row-style panel-row-style-for-10-1\" ><div id=\"pgc-10-1-0\"  class=\"panel-grid-cell\" ><div id=\"panel-10-1-0-0\" class=\"so-panel widget widget_sow-editor panel-first-child panel-last-child\" data-index=\"4\" ><div data-iw-animation-delay=\"\" data-iw-animation-position=\"\" class=\"panel-widget-style panel-widget-style-for-10-1-0-0\" ><div\n\t\t\t\n\t\t\tclass=\"so-widget-sow-editor so-widget-sow-editor-base\"\n\t\t\t\n\t\t>\n<div class=\"siteorigin-widget-tinymce textwidget\">\n\t<div class=\"organBox personenprofil\">\n        <div class=\"autorBoxTitle\">Mitglied ASR<\/div>\n            <div class=\"autorBoxImage\"><img decoding=\"async\" src=\"https:\/\/www.svp-international.ch\/de\/wp-content\/uploads\/sites\/27\/John-McGough-e1756973915356-720x720.png\" alt=\"\"\/><\/div>\n    \n    <div class=\"autorBoxname\">John McGough<\/div>\n\n        <div class=\"autorBoxFunction\">Ungarn<\/div>\n                        <!-- contact Detail -->\n                                                            <div class=\"autorBoxProfilLink\"><i class=\"uk-icon-angle-double-right\"><\/i> <a href=\"https:\/\/www.svp-international.ch\/de\/personen\/john-mcgough\/\">zum Profil<\/a><\/div>\n            <\/div>\n\n<\/div>\n<\/div><\/div><\/div><\/div><div id=\"pgc-10-1-1\"  class=\"panel-grid-cell\" ><div id=\"panel-10-1-1-0\" class=\"so-panel widget widget_sow-editor panel-first-child panel-last-child\" data-index=\"5\" ><div data-iw-animation-delay=\"\" data-iw-animation-position=\"\" class=\"panel-widget-style panel-widget-style-for-10-1-1-0\" ><div\n\t\t\t\n\t\t\tclass=\"so-widget-sow-editor so-widget-sow-editor-base\"\n\t\t\t\n\t\t>\n<div class=\"siteorigin-widget-tinymce textwidget\">\n\t<div class=\"organBox personenprofil\">\n        <div class=\"autorBoxTitle\">Vorstand<\/div>\n            <div class=\"autorBoxImage\"><img decoding=\"async\" src=\"https:\/\/www.svp-international.ch\/de\/wp-content\/uploads\/sites\/27\/Miriam-Gurtner-1-e1756976888631-720x720.jpg\" alt=\"\"\/><\/div>\n    \n    <div class=\"autorBoxname\">Miriam Gurtner<\/div>\n\n        <div class=\"autorBoxFunction\">Schweiz\/Italien<\/div>\n                        <!-- contact Detail -->\n                                                            <div class=\"autorBoxProfilLink\"><i class=\"uk-icon-angle-double-right\"><\/i> <a href=\"https:\/\/www.svp-international.ch\/de\/personen\/miriam-gurtner\/\">zum Profil<\/a><\/div>\n            <\/div>\n\n<\/div>\n<\/div><\/div><\/div><\/div><div id=\"pgc-10-1-2\"  class=\"panel-grid-cell\" ><div id=\"panel-10-1-2-0\" class=\"so-panel widget widget_sow-editor panel-first-child panel-last-child\" data-index=\"6\" ><div data-iw-animation-delay=\"\" data-iw-animation-position=\"\" class=\"panel-widget-style panel-widget-style-for-10-1-2-0\" ><div\n\t\t\t\n\t\t\tclass=\"so-widget-sow-editor so-widget-sow-editor-base\"\n\t\t\t\n\t\t>\n<div class=\"siteorigin-widget-tinymce textwidget\">\n\t<div class=\"organBox personenprofil\">\n        <div class=\"autorBoxTitle\">Vorstand<\/div>\n            <div class=\"autorBoxImage\"><img decoding=\"async\" src=\"https:\/\/www.svp-international.ch\/de\/wp-content\/uploads\/sites\/27\/Nicolas-Szita.png\" alt=\"\"\/><\/div>\n    \n    <div class=\"autorBoxname\">Nicolas Szita<\/div>\n\n        <div class=\"autorBoxFunction\">England<\/div>\n                        <!-- contact Detail -->\n                                                            <div class=\"autorBoxProfilLink\"><i class=\"uk-icon-angle-double-right\"><\/i> <a href=\"https:\/\/www.svp-international.ch\/de\/personen\/nicolas-szita\/\">zum Profil<\/a><\/div>\n            <\/div>\n\n<\/div>\n<\/div><\/div><\/div><\/div><div id=\"pgc-10-1-3\"  class=\"panel-grid-cell\" ><div id=\"panel-10-1-3-0\" class=\"so-panel widget widget_sow-editor panel-first-child panel-last-child\" data-index=\"7\" ><div data-iw-animation-delay=\"\" data-iw-animation-position=\"\" class=\"panel-widget-style panel-widget-style-for-10-1-3-0\" ><div\n\t\t\t\n\t\t\tclass=\"so-widget-sow-editor so-widget-sow-editor-base\"\n\t\t\t\n\t\t>\n<div class=\"siteorigin-widget-tinymce textwidget\">\n\t<div class=\"organBox personenprofil\">\n        <div class=\"autorBoxTitle\">Vorstand<\/div>\n            <div class=\"autorBoxImage\"><img decoding=\"async\" src=\"https:\/\/www.svp-international.ch\/de\/wp-content\/uploads\/sites\/27\/andreas-b\u00fchrer.256x256.jpg\" alt=\"\"\/><\/div>\n    \n    <div class=\"autorBoxname\">Andreas B\u00fchrer<\/div>\n\n        <div class=\"autorBoxFunction\">Russland<\/div>\n                        <!-- contact Detail -->\n                                                            <div class=\"autorBoxProfilLink\"><i class=\"uk-icon-angle-double-right\"><\/i> <a href=\"https:\/\/www.svp-international.ch\/de\/personen\/andreas-buehrer\/\">zum Profil<\/a><\/div>\n            <\/div>\n\n<\/div>\n<\/div><\/div><\/div><\/div><\/div><\/div><div id=\"pg-10-2\"  class=\"panel-grid panel-has-style\" ><div data-iw-animation-delay=\"\" data-iw-animation-position=\"\" class=\"panel-row-style panel-row-style-for-10-2\" ><div id=\"pgc-10-2-0\"  class=\"panel-grid-cell\" ><div id=\"panel-10-2-0-0\" class=\"so-panel widget widget_sow-editor panel-first-child panel-last-child\" data-index=\"8\" ><div data-iw-animation-delay=\"\" data-iw-animation-position=\"\" class=\"panel-widget-style panel-widget-style-for-10-2-0-0\" ><div\n\t\t\t\n\t\t\tclass=\"so-widget-sow-editor so-widget-sow-editor-base\"\n\t\t\t\n\t\t>\n<div class=\"siteorigin-widget-tinymce textwidget\">\n\t<div class=\"organBox personenprofil\">\n        <div class=\"autorBoxTitle\">Vorstand<\/div>\n            <div class=\"autorBoxImage\"><img decoding=\"async\" src=\"https:\/\/www.svp-international.ch\/de\/wp-content\/uploads\/sites\/27\/Bj\u00f4rn-Stahel-e1694510017515.jpg\" alt=\"\"\/><\/div>\n    \n    <div class=\"autorBoxname\">Bj\u00f4rn Stahel<\/div>\n\n        <div class=\"autorBoxFunction\">Norwegen<\/div>\n                        <!-- contact Detail -->\n                                                            <div class=\"autorBoxProfilLink\"><i class=\"uk-icon-angle-double-right\"><\/i> <a href=\"https:\/\/www.svp-international.ch\/de\/personen\/bjorn-stahel\/\">zum Profil<\/a><\/div>\n            <\/div>\n\n<\/div>\n<\/div><\/div><\/div><\/div><div id=\"pgc-10-2-1\"  class=\"panel-grid-cell panel-grid-cell-empty\" ><\/div><div id=\"pgc-10-2-2\"  class=\"panel-grid-cell panel-grid-cell-empty panel-grid-cell-mobile-last\" ><\/div><div id=\"pgc-10-2-3\"  class=\"panel-grid-cell panel-grid-cell-empty\" ><\/div><\/div><\/div><\/div>","protected":false},"excerpt":{"rendered":"<p>Pr\u00e4sidentin Inge Sch\u00fctz Schweiz\/Schweden zum Profil Sekret\u00e4r Pascal Senn zum Profil Nationalrat Roland Rino B\u00fcchel Nationalrat zum Profil Nationalr\u00e4tin Monika R\u00fcegger Nationalr\u00e4tin zum Profil Mitglied ASR John McGough Ungarn zum Profil Vorstand Miriam Gurtner Schweiz\/Italien zum Profil Vorstand Nicolas Szita England zum Profil Vorstand Andreas B\u00fchrer Russland zum Profil Vorstand Bj\u00f4rn Stahel Norwegen zum Profil<\/p>\n","protected":false},"author":22,"featured_media":0,"parent":138,"menu_order":0,"comment_status":"closed","ping_status":"closed","template":"","meta":{"footnotes":""},"class_list":["post-10","page","type-page","status-publish","hentry"],"_links":{"self":[{"href":"https:\/\/www.svp-international.ch\/de\/wp-json\/wp\/v2\/pages\/10","targetHints":{"allow":["GET"]}}],"collection":[{"href":"https:\/\/www.svp-international.ch\/de\/wp-json\/wp\/v2\/pages"}],"about":[{"href":"https:\/\/www.svp-international.ch\/de\/wp-json\/wp\/v2\/types\/page"}],"author":[{"embeddable":true,"href":"https:\/\/www.svp-international.ch\/de\/wp-json\/wp\/v2\/users\/22"}],"replies":[{"embeddable":true,"href":"https:\/\/www.svp-international.ch\/de\/wp-json\/wp\/v2\/comments?post=10"}],"version-history":[{"count":38,"href":"https:\/\/www.svp-international.ch\/de\/wp-json\/wp\/v2\/pages\/10\/revisions"}],"predecessor-version":[{"id":1187,"href":"https:\/\/www.svp-international.ch\/de\/wp-json\/wp\/v2\/pages\/10\/revisions\/1187"}],"up":[{"embeddable":true,"href":"https:\/\/www.svp-international.ch\/de\/wp-json\/wp\/v2\/pages\/138"}],"wp:attachment":[{"href":"https:\/\/www.svp-international.ch\/de\/wp-json\/wp\/v2\/media?parent=10"}],"curies":[{"name":"wp","href":"https:\/\/api.w.org\/{rel}","templated":true}]}}