{"id":12,"date":"2019-03-15T15:36:16","date_gmt":"2019-03-15T14:36:16","guid":{"rendered":"http:\/\/yyqrzwwvyb.cyon.link\/?page_id=12"},"modified":"2019-05-29T09:12:10","modified_gmt":"2019-05-29T07:12:10","slug":"wahlmanifest","status":"publish","type":"page","link":"https:\/\/www.svp-international.ch\/de\/ueber-uns\/ziele\/wahlmanifest\/","title":{"rendered":"Wahlmanifest"},"content":{"rendered":"<p>Die SVP International setzt sich in der Legislatur 2015 &#8211; 2019 f\u00fcr folgende Anliegen ein:<\/p>\n<ul>\n<li><strong>Gew\u00e4hrleistung finanzieller Sicherheit f\u00fcr Schweizer<\/strong><\/li>\n<li><strong>Ausreichende konsularische Betreuung<\/strong><\/li>\n<li><strong>Internationales Denken statt EU-H\u00f6rigkeit<\/strong><\/li>\n<li><strong>Unabh\u00e4ngigkeit und Neutralit\u00e4t der Schweiz sicherstellen<\/strong><\/li>\n<li><strong>Klare Ausl\u00e4nderpolitik <\/strong><\/li>\n<\/ul>\n<p>&nbsp;<\/p>\n<h3>Gew\u00e4hrleistung finanzieller Sicherheit<\/h3>\n<p>Motto: <strong>Jedem (Ausland-)Schweizer sein Schweizer Bankkonto<\/strong><\/p>\n<p>Auslandschweizer oder Schweizer, welche f\u00fcr eine gewisse Zeit im Ausland gelebt haben, werden sowohl bei Finanzdienstleistern, wie auch bei der Altersvorsorge oft benachteiligt.<\/p>\n<p>Die SVP International setzt sich ein f\u00fcr:<\/p>\n<ul>\n<li>Sicherstellung, dass jeder Schweizer ein Bankkonto in der Schweiz haben kann<\/li>\n<li>Verhinderung der Aush\u00f6hlung des Bankkundengeheimnisses f\u00fcr Schweizer B\u00fcrger<\/li>\n<li>Weniger Benachteiligung f\u00fcr Schweizer mit Auslandaufenthalt bei der Altersvorsorge<\/li>\n<li>F\u00f6rderung der liberalen Wirtschaftspolitik der Schweiz<\/li>\n<\/ul>\n<p>&nbsp;<\/p>\n<h3>Ausreichende konsularische Betreuung<\/h3>\n<p>Motto: <strong>Keine kopflose Schliessung von Konsulaten<\/strong><\/p>\n<p>Die SVP International macht sich seit Jahren daf\u00fcr stark, dass Auslandvertretungen wie Konsulate, Botschaften, Handelskammern und andere Kooperationspartner die Auslandschweizer und die Schweizer Wirtschaft st\u00e4rker unterst\u00fctzen.<\/p>\n<p>Die SVP International k\u00e4mpft f\u00fcr:<\/p>\n<ul>\n<li>Sicherstellung der N\u00e4he und Funktionsf\u00e4higkeit des konsularischen Netzes<\/li>\n<li>Einbezug und interaktive Mitarbeit von Politikern der Auslandschweizer-Parteisektionen in Auslandschweizergremien, sowie in wichtigen Fachkommissionen betreffend Personenfreiz\u00fcgigkeit, Sozialversicherungen, Steuerabkommen, Finanzwesen, Forschung und Ausbildung, sowie Aussenhandelsfragen<\/li>\n<li>St\u00e4rkung der Auslandschweizer als \u201eBotschafter unseres Landes\u201c und neutrale Vermittler<\/li>\n<\/ul>\n<p>&nbsp;<\/p>\n<h3>Internationales Denken statt EU-H\u00f6rigkeit<\/h3>\n<p>Motto: <strong>Die Welt endet nicht an der Grenze Europas<\/strong><\/p>\n<p>Die SVP International setzt sich ein f\u00fcr:<\/p>\n<ul>\n<li>Weltweite Anerkennung des schweizerischen Bildungssystems<\/li>\n<li>F\u00f6rderung des Exportes und der internationalen wirtschaftlichen Zusammenarbeit mittels weiterer Freihandelsabkommen und bilateralen Vertr\u00e4gen<\/li>\n<li>St\u00e4rkung der wissenschaftlichen Zusammenarbeit \u00fcber die Grenzen Europas hinaus<\/li>\n<li>Sicherstellen von vertraglichen Einigungen, um die Ausschaffungsinitiative und Masseneinwanderungsinitiative umzusetzen<\/li>\n<\/ul>\n<h3><\/h3>\n<h3>Direkte Demokratie, Unabh\u00e4ngigkeit und Neutralit\u00e4t der Schweiz wahren<\/h3>\n<p>Motto: <strong>Schleichender EU-Beitritt verhindern<\/strong><\/p>\n<p>Die SVP International erachtet es als extrem wichtig, die Unabh\u00e4ngigkeit und Neutralit\u00e4t der Schweiz zu wahren. Entsprechend der Erkenntnis, dass WIR unser Schicksal selbst in der Hand haben, setzt sich die SVP International mitunter f\u00fcr folgende Punkte ein:<\/p>\n<ul>\n<li>\u00a0konsequente und bedingungslose Umsetzung der Volksentscheide (Keine Unterwanderung der Demokratie)<\/li>\n<li>Wahrung der Neutralit\u00e4t und somit auch unserer Vermittlerrolle im Ausland<\/li>\n<li>Fokus auf die Schweiz, die Schweizer Wirtschaft und den Schutz der Schweizer B\u00fcrger im In- und Ausland<\/li>\n<li>Verhindern des schleichenden EU-Beitrittes, sowie von institutionellen Abkommen zur automatischen Rechts\u00fcbernahme und der Akzeptanz von fremden Richtern<\/li>\n<li>Unabh\u00e4ngigkeit sichern durch eine gutausgebildete moderne Milizarmee<\/li>\n<\/ul>\n<p>&nbsp;<\/p>\n<h3>Klare Ausl\u00e4nderpolitik<\/h3>\n<p>Motto: <strong>Integrationswillen muss beim Zuwanderer vorhanden sein <\/strong><\/p>\n<p>Schweizer im Ausland wissen wie es ist, Ausl\u00e4nder zu sein. Sie passen sich von sich aus an, integrieren sich und halten sich an die Regeln des Gaststaates. Wer f\u00fcr seinen Lebensunterhalt nicht mehr aufkommen kann oder gegen das Gesetz verst\u00f6sst, muss damit rechnen, in die Schweiz zur\u00fcckgewiesen zu werden. Diese klare und konsequente Ausl\u00e4nderpolitik hat auch f\u00fcr die Schweiz zu gelten.<\/p>\n<p>Die SVP International fordert daher:<\/p>\n<ul>\n<li>Integration muss von den Zuwanderern gefordert werden, teure staatliche Integrationskurse sind sinnlos<\/li>\n<li>konsequente Umsetzung der angenommenen Ausschaffungsinitiative &#8211; wer sich nicht an die Schweizer Rechtsordnung h\u00e4lt, hat die Schweiz zu verlassen<\/li>\n<li>eigenst\u00e4ndige Steuerung der Zuwanderung durch rasche Umsetzung der angenommenen Masseneinwanderungsinitiative<\/li>\n<li>Stimm- und Wahlrecht nur f\u00fcr Schweizer B\u00fcrger<\/li>\n<\/ul>\n","protected":false},"excerpt":{"rendered":"<p>Die SVP International setzt sich in der Legislatur 2015 &#8211; 2019 f\u00fcr folgende Anliegen ein: Gew\u00e4hrleistung finanzieller Sicherheit f\u00fcr Schweizer Ausreichende konsularische Betreuung Internationales Denken statt EU-H\u00f6rigkeit Unabh\u00e4ngigkeit und Neutralit\u00e4t der Schweiz sicherstellen Klare Ausl\u00e4nderpolitik &nbsp; Gew\u00e4hrleistung finanzieller Sicherheit Motto: Jedem (Ausland-)Schweizer sein Schweizer Bankkonto Auslandschweizer oder Schweizer, welche f\u00fcr eine gewisse Zeit im Ausland [&hellip;]<\/p>\n","protected":false},"author":22,"featured_media":0,"parent":162,"menu_order":0,"comment_status":"closed","ping_status":"closed","template":"","meta":{"footnotes":""},"class_list":["post-12","page","type-page","status-publish","hentry"],"_links":{"self":[{"href":"https:\/\/www.svp-international.ch\/de\/wp-json\/wp\/v2\/pages\/12","targetHints":{"allow":["GET"]}}],"collection":[{"href":"https:\/\/www.svp-international.ch\/de\/wp-json\/wp\/v2\/pages"}],"about":[{"href":"https:\/\/www.svp-international.ch\/de\/wp-json\/wp\/v2\/types\/page"}],"author":[{"embeddable":true,"href":"https:\/\/www.svp-international.ch\/de\/wp-json\/wp\/v2\/users\/22"}],"replies":[{"embeddable":true,"href":"https:\/\/www.svp-international.ch\/de\/wp-json\/wp\/v2\/comments?post=12"}],"version-history":[{"count":4,"href":"https:\/\/www.svp-international.ch\/de\/wp-json\/wp\/v2\/pages\/12\/revisions"}],"predecessor-version":[{"id":271,"href":"https:\/\/www.svp-international.ch\/de\/wp-json\/wp\/v2\/pages\/12\/revisions\/271"}],"up":[{"embeddable":true,"href":"https:\/\/www.svp-international.ch\/de\/wp-json\/wp\/v2\/pages\/162"}],"wp:attachment":[{"href":"https:\/\/www.svp-international.ch\/de\/wp-json\/wp\/v2\/media?parent=12"}],"curies":[{"name":"wp","href":"https:\/\/api.w.org\/{rel}","templated":true}]}}