{"id":2,"date":"2019-01-21T14:42:35","date_gmt":"2019-01-21T13:42:35","guid":{"rendered":"http:\/\/seaiosvp.cyon.link\/international\/?page_id=2"},"modified":"2026-02-26T23:24:08","modified_gmt":"2026-02-26T22:24:08","slug":"svp-schweiz","status":"publish","type":"page","link":"https:\/\/www.svp-international.ch\/de\/","title":{"rendered":"Home"},"content":{"rendered":"<h2>Parolen<\/h2>\n<section class=\"tm-mosaic-3col\">\n    <div class=\"uk-width-1-1\">\n                <div class=\"uk-panel uk-panel-box widget_text size11 tile-box tile-box-\" style=\"padding: 0;\">\n                <div class=\"tile-bgimage\" style=\"background-image:url('');\"><\/div>\n                <div class=\"tile-bg\" style=\"background: #ff0000;\"><\/div>\n                \n<div class=\"c2aContent \">\n    <article class=\"uk-article c2a-article\">\n                        <div class=\"c2a-title uk-margin-small-bottom uk-article-title uk-text-break\" style=\"color:#ffffff\">\n            NEIN        <\/div>\n                    <\/article>\n\n    <\/div>\n\n\n            <\/div>\n                        <div class=\"uk-panel uk-panel-box widget_text size21 tile-box tile-box-bgWhite\" style=\"padding: 0;\">\n                <div class=\"tile-bgimage\" style=\"background-image:url('');\"><\/div>\n                <div class=\"tile-bg\" style=\"background: rgba(255, 255, 255, 1);\"><\/div>\n                \n<div class=\"c2aContent \">\n    <article class=\"uk-article c2a-article\">\n                                <div class=\"c2a-text\" style=\"color:#000000\">\n                        <a href=\"https:\/\/nein-zur-individualbesteuerung.ch\/\" target=\"_blank\" style=\"color:#000000\">\n                <strong>Bundesgesetz vom 20. Juni 2025 \u00fcber die Individualbesteuerung<\/strong>            <\/a>\n                    <\/div>\n            <\/article>\n\n        <div class=\"c2a-link\" style=\"z-index: 6;\">\n        <a target=\"_blank\" style=\"margin: 10px 10px 0 0;\" class=\"c2a-button uk-button  uk-button-inverted\" href=\"https:\/\/nein-zur-individualbesteuerung.ch\/\">Mehr Informationen<\/a>    <\/div>\n    <\/div>\n\n\n            <\/div>\n                <\/div>\n<\/section>\n\n<section class=\"tm-mosaic-3col\">\n    <div class=\"uk-width-1-1\">\n                <div class=\"uk-panel uk-panel-box widget_text size11 tile-box tile-box-\" style=\"padding: 0;\">\n                <div class=\"tile-bgimage\" style=\"background-image:url('');\"><\/div>\n                <div class=\"tile-bg\" style=\"background: #ff0000;\"><\/div>\n                \n<div class=\"c2aContent \">\n    <article class=\"uk-article c2a-article\">\n                        <div class=\"c2a-title uk-margin-small-bottom uk-article-title uk-text-break\" style=\"color:#ffffff\">\n            NEIN        <\/div>\n                    <\/article>\n\n    <\/div>\n\n\n            <\/div>\n                        <div class=\"uk-panel uk-panel-box widget_text size21 tile-box tile-box-bgWhite\" style=\"padding: 0;\">\n                <div class=\"tile-bgimage\" style=\"background-image:url('');\"><\/div>\n                <div class=\"tile-bg\" style=\"background: rgba(255, 255, 255, 1);\"><\/div>\n                \n<div class=\"c2aContent \">\n    <article class=\"uk-article c2a-article\">\n                                <div class=\"c2a-text\" style=\"\">\n            <strong>Volksinitiative \u00abF\u00fcr eine gerechte Energie- und Klimapolitik: Investieren f\u00fcr Wohlstand, Arbeit und Umwelt (Klimafonds-Initiative)\u00bb<\/strong>        <\/div>\n            <\/article>\n\n    <\/div>\n\n\n            <\/div>\n                <\/div>\n<\/section>\n\n<p><section class=\"tm-mosaic-3col\">\n    <div class=\"uk-width-1-1\">\n                <div class=\"uk-panel uk-panel-box widget_text size11 tile-box tile-box-bgGreen\" style=\"padding: 0;\">\n                <div class=\"tile-bgimage\" style=\"background-image:url('');\"><\/div>\n                <div class=\"tile-bg\" style=\"background: rgba(124, 179, 9, 1);\"><\/div>\n                \n<div class=\"c2aContent \">\n    <article class=\"uk-article c2a-article\">\n                        <div class=\"c2a-title uk-margin-small-bottom uk-article-title uk-text-break\" style=\"color:#ffffff\">\n            JA        <\/div>\n                    <\/article>\n\n    <\/div>\n\n\n            <\/div>\n                        <div class=\"uk-panel uk-panel-box widget_text size21 tile-box tile-box-bgWhite\" style=\"padding: 0;\">\n                <div class=\"tile-bgimage\" style=\"background-image:url('');\"><\/div>\n                <div class=\"tile-bg\" style=\"background: rgba(255, 255, 255, 1);\"><\/div>\n                \n<div class=\"c2aContent  c2aContentHideOverlay\">\n    <article class=\"uk-article c2a-article\">\n                                <div class=\"c2a-text\" style=\"color:#000000\">\n                        <a href=\"https:\/\/srg-initiative.ch\/\" target=\"_blank\" style=\"color:#000000\">\n                <strong>Volksinitiative \u00ab200 Franken sind genug! (SRG-Initiative)\u00bb<\/strong>            <\/a>\n                    <\/div>\n            <\/article>\n\n        <div class=\"c2a-link\" style=\"z-index: 6;\">\n        <a target=\"_blank\" style=\"margin: 10px 10px 0 0;\" class=\"c2a-button uk-button  uk-button-inverted\" href=\"https:\/\/srg-initiative.ch\/\">Mehr Informationen<\/a>    <\/div>\n    <\/div>\n\n\n            <\/div>\n                <\/div>\n<\/section>\n<br \/>\n<section class=\"tm-mosaic-3col\">\n    <div class=\"uk-width-1-1\">\n                <div class=\"uk-panel uk-panel-box widget_text size11 tile-box tile-box-bgGreen\" style=\"padding: 0;\">\n                <div class=\"tile-bgimage\" style=\"background-image:url('');\"><\/div>\n                <div class=\"tile-bg\" style=\"background: rgba(124, 179, 9, 1);\"><\/div>\n                \n<div class=\"c2aContent \">\n    <article class=\"uk-article c2a-article\">\n                        <div class=\"c2a-title uk-margin-small-bottom uk-article-title uk-text-break\" style=\"color:#ffffff\">\n            JA        <\/div>\n                    <\/article>\n\n    <\/div>\n\n\n            <\/div>\n                        <div class=\"uk-panel uk-panel-box widget_text size21 tile-box tile-box-bgWhite\" style=\"padding: 0;\">\n                <div class=\"tile-bgimage\" style=\"background-image:url('');\"><\/div>\n                <div class=\"tile-bg\" style=\"background: rgba(255, 255, 255, 1);\"><\/div>\n                \n<div class=\"c2aContent \">\n    <article class=\"uk-article c2a-article\">\n                                <div class=\"c2a-text\" style=\"color:#000000\">\n            <strong>Volksinitiative \u00abJa zu einer unabh\u00e4ngigen, freien Schweizer W\u00e4hrung mit M\u00fcnzen oder Banknoten (Bargeld ist Freiheit)\u00bb | Stichfrage: Initiative<\/strong>        <\/div>\n            <\/article>\n\n    <\/div>\n\n\n            <\/div>\n                <\/div>\n<\/section>\n<\/p>\n<p>&nbsp;<\/p>\n<h2>SVP International<\/h2>\n<p>Die SVP International bezweckt die F\u00f6rderung der Interessen von Schweizer B\u00fcrgern, die im Ausland leben und sich zu den Grunds\u00e4tzen der Schweizerischen Volkspartei bekennen. Die SVP International f\u00f6rdert den Kontakt zwischen Schweizern im Ausland mit der SVP. Sie unterst\u00fctzt die Auslandschweizer bei der Aus\u00fcbung ihrer politischen Rechte.<\/p>\n<h2>Was unsere Vorstandsmitglieder bewegt:<\/h2>\n<p>Vorstandsmitglied Nicolas Szita, London:<\/p>\n<div style=\"width: 1280px;\" class=\"wp-video\"><!--[if lt IE 9]><script>document.createElement('video');<\/script><![endif]-->\n<video class=\"wp-video-shortcode\" id=\"video-2-1\" width=\"1280\" height=\"720\" preload=\"metadata\" controls=\"controls\"><source type=\"video\/mp4\" src=\"https:\/\/www.svp-international.ch\/de\/wp-content\/uploads\/sites\/27\/Nicolas-Szita-at-OSA-congress_ENG.mp4?_=1\" \/><a href=\"https:\/\/www.svp-international.ch\/de\/wp-content\/uploads\/sites\/27\/Nicolas-Szita-at-OSA-congress_ENG.mp4\">https:\/\/www.svp-international.ch\/de\/wp-content\/uploads\/sites\/27\/Nicolas-Szita-at-OSA-congress_ENG.mp4<\/a><\/video><\/div>\n<p>&nbsp;<\/p>\n<h2>Unsere Sektionen &amp; Kontakte im Ausland:<\/h2>\n<p><section class=\"tm-mosaic-2col\">\n    <div class=\"uk-width-1-1\">\n                <div class=\"uk-panel uk-panel-box widget_text size11 tile-box tile-box-bgGreen\" style=\"padding: 0;\">\n                <div class=\"tile-bgimage\" style=\"background-image:url('https:\/\/www.svp-international.ch\/de\/wp-content\/uploads\/sites\/27\/Sektion-Costa-Rica.png');\"><\/div>\n                <div class=\"tile-bg\" style=\"background: rgba(124, 179, 9, 0.85);\"><\/div>\n                \n<div class=\"c2aContent \">\n    <article class=\"uk-article c2a-article\">\n                        <div class=\"c2a-title uk-margin-small-bottom uk-article-title uk-text-break\" style=\"\">\n                        <a href=\"https:\/\/www.svp-international.ch\/de\/ueber-uns\/sektionen\/costa-rica\/\" target=\"_self\" style=\"\">Costa Rica<\/a>\n                    <\/div>\n                    <\/article>\n\n        <div class=\"c2a-link\" style=\"z-index: 6;\">\n        <a target=\"_self\" style=\"margin: 10px 10px 0 0;\" class=\"c2a-button uk-button  uk-button-inverted\" href=\"https:\/\/www.svp-international.ch\/de\/ueber-uns\/sektionen\/costa-rica\/\">Erfahren Sie mehr!<\/a>    <\/div>\n    <\/div>\n\n\n            <\/div>\n                        <div class=\"uk-panel uk-panel-box widget_text size11 tile-box tile-box-bgGreen\" style=\"padding: 0;\">\n                <div class=\"tile-bgimage\" style=\"background-image:url('https:\/\/www.svp-international.ch\/de\/wp-content\/uploads\/sites\/27\/Sektion-Elfenbeink\u00fcste.png');\"><\/div>\n                <div class=\"tile-bg\" style=\"background: rgba(124, 179, 9, 0.85);\"><\/div>\n                \n<div class=\"c2aContent \">\n    <article class=\"uk-article c2a-article\">\n                        <div class=\"c2a-title uk-margin-small-bottom uk-article-title uk-text-break\" style=\"\">\n                        <a href=\"https:\/\/www.svp-international.ch\/de\/ueber-uns\/sektionen\/elfenbeinkueste\/\" target=\"_self\" style=\"\">Elfenbeink\u00fcste<\/a>\n                    <\/div>\n                    <\/article>\n\n        <div class=\"c2a-link\" style=\"z-index: 6;\">\n        <a target=\"_self\" style=\"margin: 10px 10px 0 0;\" class=\"c2a-button uk-button  uk-button-inverted\" href=\"https:\/\/www.svp-international.ch\/de\/ueber-uns\/sektionen\/elfenbeinkueste\/\">Erfahren Sie mehr!<\/a>    <\/div>\n    <\/div>\n\n\n            <\/div>\n                        <div class=\"uk-panel uk-panel-box widget_text size11 tile-box tile-box-bgGreen\" style=\"padding: 0;\">\n                <div class=\"tile-bgimage\" style=\"background-image:url('https:\/\/www.svp-international.ch\/de\/wp-content\/uploads\/sites\/27\/Sektion-S\u00fcdafrika.png');\"><\/div>\n                <div class=\"tile-bg\" style=\"background: rgba(124, 179, 9, 0.85);\"><\/div>\n                \n<div class=\"c2aContent \">\n    <article class=\"uk-article c2a-article\">\n                        <div class=\"c2a-title uk-margin-small-bottom uk-article-title uk-text-break\" style=\"\">\n                        <a href=\"https:\/\/www.svp-international.ch\/de\/ueber-uns\/sektionen\/suedafrika\/\" target=\"_self\" style=\"\">S\u00fcdafrika<\/a>\n                    <\/div>\n                    <\/article>\n\n        <div class=\"c2a-link\" style=\"z-index: 6;\">\n        <a target=\"_self\" style=\"margin: 10px 10px 0 0;\" class=\"c2a-button uk-button  uk-button-inverted\" href=\"https:\/\/www.svp-international.ch\/de\/ueber-uns\/sektionen\/suedafrika\/\">Erfahren Sie mehr!<\/a>    <\/div>\n    <\/div>\n\n\n            <\/div>\n                        <div class=\"uk-panel uk-panel-box widget_text size11 tile-box tile-box-bgGreen\" style=\"padding: 0;\">\n                <div class=\"tile-bgimage\" style=\"background-image:url('https:\/\/www.svp-international.ch\/de\/wp-content\/uploads\/sites\/27\/Kontakt-Liechtenstein.png');\"><\/div>\n                <div class=\"tile-bg\" style=\"background: rgba(124, 179, 9, 0.85);\"><\/div>\n                \n<div class=\"c2aContent \">\n    <article class=\"uk-article c2a-article\">\n                        <div class=\"c2a-title uk-margin-small-bottom uk-article-title uk-text-break\" style=\"\">\n                        <a href=\"https:\/\/www.svp-international.ch\/de\/ueber-uns\/weitere-laenderkontakte\/liechtenstein\/\" target=\"_self\" style=\"\">Liechtenstein<\/a>\n                    <\/div>\n                    <\/article>\n\n        <div class=\"c2a-link\" style=\"z-index: 6;\">\n        <a target=\"_self\" style=\"margin: 10px 10px 0 0;\" class=\"c2a-button uk-button  uk-button-inverted\" href=\"https:\/\/www.svp-international.ch\/de\/ueber-uns\/weitere-laenderkontakte\/liechtenstein\/\">Erfahren Sie mehr!<\/a>    <\/div>\n    <\/div>\n\n\n            <\/div>\n                        <div class=\"uk-panel uk-panel-box widget_text size11 tile-box tile-box-bgGreen\" style=\"padding: 0;\">\n                <div class=\"tile-bgimage\" style=\"background-image:url('https:\/\/www.svp-international.ch\/de\/wp-content\/uploads\/sites\/27\/Kontakt-Norwegen.png');\"><\/div>\n                <div class=\"tile-bg\" style=\"background: rgba(124, 179, 9, 0.85);\"><\/div>\n                \n<div class=\"c2aContent \">\n    <article class=\"uk-article c2a-article\">\n                        <div class=\"c2a-title uk-margin-small-bottom uk-article-title uk-text-break\" style=\"\">\n                        <a href=\"https:\/\/www.svp-international.ch\/de\/ueber-uns\/weitere-laenderkontakte\/norwegen\/\" target=\"_self\" style=\"\">Norwegen<\/a>\n                    <\/div>\n                    <\/article>\n\n        <div class=\"c2a-link\" style=\"z-index: 6;\">\n        <a target=\"_self\" style=\"margin: 10px 10px 0 0;\" class=\"c2a-button uk-button  uk-button-inverted\" href=\"https:\/\/www.svp-international.ch\/de\/ueber-uns\/weitere-laenderkontakte\/norwegen\/\">Erfahren Sie mehr!<\/a>    <\/div>\n    <\/div>\n\n\n            <\/div>\n                        <div class=\"uk-panel uk-panel-box widget_text size11 tile-box tile-box-bgGreen\" style=\"padding: 0;\">\n                <div class=\"tile-bgimage\" style=\"background-image:url('https:\/\/www.svp-international.ch\/de\/wp-content\/uploads\/sites\/27\/Kontakt-England.png');\"><\/div>\n                <div class=\"tile-bg\" style=\"background: rgba(124, 179, 9, 0.85);\"><\/div>\n                \n<div class=\"c2aContent \">\n    <article class=\"uk-article c2a-article\">\n                        <div class=\"c2a-title uk-margin-small-bottom uk-article-title uk-text-break\" style=\"\">\n                        <a href=\"https:\/\/www.svp-international.ch\/de\/ueber-uns\/weitere-laenderkontakte\/england\/\" target=\"_self\" style=\"\">England<\/a>\n                    <\/div>\n                    <\/article>\n\n        <div class=\"c2a-link\" style=\"z-index: 6;\">\n        <a target=\"_self\" style=\"margin: 10px 10px 0 0;\" class=\"c2a-button uk-button  uk-button-inverted\" href=\"https:\/\/www.svp-international.ch\/de\/ueber-uns\/weitere-laenderkontakte\/england\/\">Erfahren Sie mehr!<\/a>    <\/div>\n    <\/div>\n\n\n            <\/div>\n                        <div class=\"uk-panel uk-panel-box widget_text size11 tile-box tile-box-bgGreen\" style=\"padding: 0;\">\n                <div class=\"tile-bgimage\" style=\"background-image:url('https:\/\/www.svp-international.ch\/de\/wp-content\/uploads\/sites\/27\/Kontakt-Ungarn.png');\"><\/div>\n                <div class=\"tile-bg\" style=\"background: rgba(124, 179, 9, 0.85);\"><\/div>\n                \n<div class=\"c2aContent \">\n    <article class=\"uk-article c2a-article\">\n                        <div class=\"c2a-title uk-margin-small-bottom uk-article-title uk-text-break\" style=\"\">\n                        <a href=\"https:\/\/www.svp-international.ch\/de\/ueber-uns\/weitere-laenderkontakte\/ungarn\/\" target=\"_self\" style=\"\">Ungarn<\/a>\n                    <\/div>\n                    <\/article>\n\n        <div class=\"c2a-link\" style=\"z-index: 6;\">\n        <a target=\"_self\" style=\"margin: 10px 10px 0 0;\" class=\"c2a-button uk-button  uk-button-inverted\" href=\"https:\/\/www.svp-international.ch\/de\/ueber-uns\/weitere-laenderkontakte\/ungarn\/\">Erfahren Sie mehr!<\/a>    <\/div>\n    <\/div>\n\n\n            <\/div>\n                        <div class=\"uk-panel uk-panel-box widget_text size11 tile-box tile-box-bgGreen\" style=\"padding: 0;\">\n                <div class=\"tile-bgimage\" style=\"background-image:url('');\"><\/div>\n                <div class=\"tile-bg\" style=\"background: rgba(124, 179, 9, 1);\"><\/div>\n                \n<div class=\"c2aContent \">\n    <article class=\"uk-article c2a-article\">\n                        <div class=\"c2a-title uk-margin-small-bottom uk-article-title uk-text-break\" style=\"\">\n                        <a href=\"https:\/\/www.svp-international.ch\/de\/ueber-uns\/sektionen\/sektion-gruenden\/\" target=\"_self\" style=\"\">Sektion gr\u00fcnden<\/a>\n                    <\/div>\n                        <div class=\"c2a-text\" style=\"\">\n                        <a href=\"https:\/\/www.svp-international.ch\/de\/ueber-uns\/sektionen\/sektion-gruenden\/\" target=\"_self\" style=\"\">\n                Sie haben Interesse, eine Sektion in Ihrem Umfeld zu gr\u00fcnden? Kontaktieren Sie uns!\r\n            <\/a>\n                    <\/div>\n            <\/article>\n\n        <div class=\"c2a-link\" style=\"z-index: 6;\">\n        <a target=\"_self\" style=\"margin: 10px 10px 0 0;\" class=\"c2a-button uk-button  uk-button-inverted\" href=\"https:\/\/www.svp-international.ch\/de\/ueber-uns\/sektionen\/sektion-gruenden\/\">Weitere Informationen<\/a>    <\/div>\n    <\/div>\n\n\n            <\/div>\n                <\/div>\n<\/section>\n<br \/>\n<label><\/label><\/p>\n","protected":false},"excerpt":{"rendered":"<p>Parolen &nbsp; SVP International Die SVP International bezweckt die F\u00f6rderung der Interessen von Schweizer B\u00fcrgern, die im Ausland leben und sich zu den Grunds\u00e4tzen der Schweizerischen Volkspartei bekennen. Die SVP International f\u00f6rdert den Kontakt zwischen Schweizern im Ausland mit der SVP. Sie unterst\u00fctzt die Auslandschweizer bei der Aus\u00fcbung ihrer politischen Rechte. Was unsere Vorstandsmitglieder bewegt: [&hellip;]<\/p>\n","protected":false},"author":1,"featured_media":0,"parent":0,"menu_order":0,"comment_status":"closed","ping_status":"open","template":"page-home.php","meta":{"footnotes":""},"class_list":["post-2","page","type-page","status-publish","hentry"],"_links":{"self":[{"href":"https:\/\/www.svp-international.ch\/de\/wp-json\/wp\/v2\/pages\/2","targetHints":{"allow":["GET"]}}],"collection":[{"href":"https:\/\/www.svp-international.ch\/de\/wp-json\/wp\/v2\/pages"}],"about":[{"href":"https:\/\/www.svp-international.ch\/de\/wp-json\/wp\/v2\/types\/page"}],"author":[{"embeddable":true,"href":"https:\/\/www.svp-international.ch\/de\/wp-json\/wp\/v2\/users\/1"}],"replies":[{"embeddable":true,"href":"https:\/\/www.svp-international.ch\/de\/wp-json\/wp\/v2\/comments?post=2"}],"version-history":[{"count":50,"href":"https:\/\/www.svp-international.ch\/de\/wp-json\/wp\/v2\/pages\/2\/revisions"}],"predecessor-version":[{"id":1306,"href":"https:\/\/www.svp-international.ch\/de\/wp-json\/wp\/v2\/pages\/2\/revisions\/1306"}],"wp:attachment":[{"href":"https:\/\/www.svp-international.ch\/de\/wp-json\/wp\/v2\/media?parent=2"}],"curies":[{"name":"wp","href":"https:\/\/api.w.org\/{rel}","templated":true}]}}