{"id":30,"date":"2019-03-15T15:44:25","date_gmt":"2019-03-15T14:44:25","guid":{"rendered":"http:\/\/yyqrzwwvyb.cyon.link\/?page_id=30"},"modified":"2019-05-29T09:10:13","modified_gmt":"2019-05-29T07:10:13","slug":"suedafrika","status":"publish","type":"page","link":"https:\/\/www.svp-international.ch\/de\/ueber-uns\/sektionen\/suedafrika\/","title":{"rendered":"S\u00fcdafrika"},"content":{"rendered":"<div id=\"pl-30\"  class=\"panel-layout\" ><div id=\"pg-30-0\"  class=\"panel-grid panel-has-style\" ><div data-iw-animation-delay=\"\" data-iw-animation-position=\"\" class=\"panel-row-style panel-row-style-for-30-0\" ><div id=\"pgc-30-0-0\"  class=\"panel-grid-cell\" ><div id=\"panel-30-0-0-0\" class=\"so-panel widget widget_sow-image panel-first-child panel-last-child\" data-index=\"0\" ><div data-iw-animation-delay=\"\" data-iw-animation-position=\"\" class=\"panel-widget-style panel-widget-style-for-30-0-0-0\" ><div\n\t\t\t\n\t\t\tclass=\"so-widget-sow-image so-widget-sow-image-default-c67d20f9f743-30\"\n\t\t\t\n\t\t>\n\n<div class=\"sow-image-container\">\n\t\t<img loading=\"lazy\" decoding=\"async\" src=\"https:\/\/www.svp-international.ch\/de\/wp-content\/uploads\/sites\/27\/Rolf-Schudel-S\u00fcdafrika.jpg\" width=\"225\" height=\"300\" srcset=\"https:\/\/www.svp-international.ch\/de\/wp-content\/uploads\/sites\/27\/Rolf-Schudel-S\u00fcdafrika.jpg 576w, https:\/\/www.svp-international.ch\/de\/wp-content\/uploads\/sites\/27\/Rolf-Schudel-S\u00fcdafrika-540x720.jpg 540w\" sizes=\"auto, (max-width: 225px) 100vw, 225px\" title=\"Rolf Schudel &#8211; S\u00fcdafrika\" alt=\"\" \t\tclass=\"so-widget-image\"\/>\n\t<\/div>\n\n<\/div><\/div><\/div><\/div><div id=\"pgc-30-0-1\"  class=\"panel-grid-cell\" ><div id=\"panel-30-0-1-0\" class=\"so-panel widget widget_sow-editor panel-first-child panel-last-child\" data-index=\"1\" ><div data-iw-animation-delay=\"\" data-iw-animation-position=\"\" class=\"panel-widget-style panel-widget-style-for-30-0-1-0\" ><div\n\t\t\t\n\t\t\tclass=\"so-widget-sow-editor so-widget-sow-editor-base\"\n\t\t\t\n\t\t>\n<div class=\"siteorigin-widget-tinymce textwidget\">\n\t<p>Die SVP S\u00fcdafrika wurde 1992 als erste Sektion der SVP International gegr\u00fcndet. Die Sektion war bisher eher auf die Region Johannesburg ausgerichtet, doch ist auch eine weitere Gr\u00fcndung in Kapstadt angedacht. F\u00fcr mehr Informationen oder Beitrittsm\u00f6glichkeiten wenden Sie sich mittels Kontaktformular an Rolf Schudel, der auch bis Mitte 2012 f\u00fcr \u00fcber 10 Jahre Pr\u00e4sident der SVP International war.<\/p>\n<\/div>\n<\/div><\/div><\/div><\/div><div id=\"pgc-30-0-2\"  class=\"panel-grid-cell\" ><div id=\"panel-30-0-2-0\" class=\"so-panel widget widget_sow-image panel-first-child panel-last-child\" data-index=\"2\" ><div data-iw-animation-delay=\"\" data-iw-animation-position=\"\" class=\"panel-widget-style panel-widget-style-for-30-0-2-0\" ><div\n\t\t\t\n\t\t\tclass=\"so-widget-sow-image so-widget-sow-image-default-c67d20f9f743-30\"\n\t\t\t\n\t\t>\n\n<div class=\"sow-image-container\">\n\t\t<img loading=\"lazy\" decoding=\"async\" src=\"https:\/\/www.svp-international.ch\/de\/wp-content\/uploads\/sites\/27\/Sektion-S\u00fcdafrika.png\" width=\"285\" height=\"213\" sizes=\"auto, (max-width: 285px) 100vw, 285px\" alt=\"\" \t\tclass=\"so-widget-image\"\/>\n\t<\/div>\n\n<\/div><\/div><\/div><\/div><\/div><\/div><div id=\"pg-30-1\"  class=\"panel-grid panel-has-style\" ><div data-iw-animation-delay=\"\" data-iw-animation-position=\"\" class=\"panel-row-style panel-row-style-for-30-1\" ><div id=\"pgc-30-1-0\"  class=\"panel-grid-cell\" ><div id=\"panel-30-1-0-0\" class=\"so-panel widget widget_sow-editor panel-first-child panel-last-child\" data-index=\"3\" ><div data-iw-animation-delay=\"\" data-iw-animation-position=\"\" class=\"panel-widget-style panel-widget-style-for-30-1-0-0\" ><div\n\t\t\t\n\t\t\tclass=\"so-widget-sow-editor so-widget-sow-editor-base\"\n\t\t\t\n\t\t>\n<div class=\"siteorigin-widget-tinymce textwidget\">\n\t<script type=\"text\/javascript\">\n\/* <![CDATA[ *\/\nvar gform;gform||(document.addEventListener(\"gform_main_scripts_loaded\",function(){gform.scriptsLoaded=!0}),document.addEventListener(\"gform\/theme\/scripts_loaded\",function(){gform.themeScriptsLoaded=!0}),window.addEventListener(\"DOMContentLoaded\",function(){gform.domLoaded=!0}),gform={domLoaded:!1,scriptsLoaded:!1,themeScriptsLoaded:!1,isFormEditor:()=>\"function\"==typeof InitializeEditor,callIfLoaded:function(o){return!(!gform.domLoaded||!gform.scriptsLoaded||!gform.themeScriptsLoaded&&!gform.isFormEditor()||(gform.isFormEditor()&&console.warn(\"The use of gform.initializeOnLoaded() is deprecated in the form editor context and will be removed in Gravity Forms 3.1.\"),o(),0))},initializeOnLoaded:function(o){gform.callIfLoaded(o)||(document.addEventListener(\"gform_main_scripts_loaded\",()=>{gform.scriptsLoaded=!0,gform.callIfLoaded(o)}),document.addEventListener(\"gform\/theme\/scripts_loaded\",()=>{gform.themeScriptsLoaded=!0,gform.callIfLoaded(o)}),window.addEventListener(\"DOMContentLoaded\",()=>{gform.domLoaded=!0,gform.callIfLoaded(o)}))},hooks:{action:{},filter:{}},addAction:function(o,r,e,t){gform.addHook(\"action\",o,r,e,t)},addFilter:function(o,r,e,t){gform.addHook(\"filter\",o,r,e,t)},doAction:function(o){gform.doHook(\"action\",o,arguments)},applyFilters:function(o){return gform.doHook(\"filter\",o,arguments)},removeAction:function(o,r){gform.removeHook(\"action\",o,r)},removeFilter:function(o,r,e){gform.removeHook(\"filter\",o,r,e)},addHook:function(o,r,e,t,n){null==gform.hooks[o][r]&&(gform.hooks[o][r]=[]);var d=gform.hooks[o][r];null==n&&(n=r+\"_\"+d.length),gform.hooks[o][r].push({tag:n,callable:e,priority:t=null==t?10:t})},doHook:function(r,o,e){var t;if(e=Array.prototype.slice.call(e,1),null!=gform.hooks[r][o]&&((o=gform.hooks[r][o]).sort(function(o,r){return o.priority-r.priority}),o.forEach(function(o){\"function\"!=typeof(t=o.callable)&&(t=window[t]),\"action\"==r?t.apply(null,e):e[0]=t.apply(null,e)})),\"filter\"==r)return e[0]},removeHook:function(o,r,t,n){var e;null!=gform.hooks[o][r]&&(e=(e=gform.hooks[o][r]).filter(function(o,r,e){return!!(null!=n&&n!=o.tag||null!=t&&t!=o.priority)}),gform.hooks[o][r]=e)}});\n\/* ]]> *\/\n<\/script>\n\n                <div class='gf_browser_gecko gform_wrapper gform_legacy_markup_wrapper gform-theme--no-framework svpFormular_wrapper labelHidden_wrapper formIcon_wrapper' data-form-theme='legacy' data-form-index='0' id='gform_wrapper_1' ><div id='gf_1' class='gform_anchor' tabindex='-1'><\/div>\n                        <div class='gform_heading'>\n                            <h3 class=\"gform_title\">Kontaktformular<\/h3>\n                            <p class='gform_description'><\/p>\n                        <\/div><form method='post' enctype='multipart\/form-data'  id='gform_1' class='svpFormular labelHidden formIcon' action='\/de\/wp-json\/wp\/v2\/pages\/30#gf_1' data-formid='1' novalidate><div id='gf_page_steps_1' class='gf_page_steps'><div id='gf_step_1_1' class='gf_step gf_step_active gf_step_first'><span class='gf_step_number'>1<\/span><span class='gf_step_label'>Personaldaten<\/span><\/div><div id='gf_step_1_2' class='gf_step gf_step_last gf_step_next gf_step_pending'><span class='gf_step_number'>2<\/span><span class='gf_step_label'>Mailinhalt<\/span><\/div><\/div>\n                        <div class='gform-body gform_body'><div id='gform_page_1_1' class='gform_page ' data-js='page-field-id-0' >\n\t\t\t\t\t<div class='gform_page_fields'><ul id='gform_fields_1' class='gform_fields top_label form_sublabel_below description_below validation_below'><li id=\"field_1_1\" class=\"gfield gfield--type-select gf_left_third iconAdresse gfield_contains_required field_sublabel_below gfield--no-description field_description_below field_validation_below gfield_visibility_visible\"  ><label class='gfield_label gform-field-label' for='input_1_1'>Anrede<span class=\"gfield_required\"><span class=\"gfield_required gfield_required_asterisk\">*<\/span><\/span><\/label><div class='ginput_container ginput_container_select'><select name='input_1' id='input_1_1' class='medium gfield_select'    aria-required=\"true\" aria-invalid=\"false\" ><option value='' selected='selected' class='gf_placeholder'>Anrede<\/option><option value='Herr' >Herr<\/option><option value='Frau' >Frau<\/option><\/select><\/div><\/li><li id=\"field_1_2\" class=\"gfield gfield--type-text iconName gfield_contains_required field_sublabel_below gfield--no-description field_description_below field_validation_below gfield_visibility_visible\"  ><label class='gfield_label gform-field-label' for='input_1_2'>Name<span class=\"gfield_required\"><span class=\"gfield_required gfield_required_asterisk\">*<\/span><\/span><\/label><div class='ginput_container ginput_container_text'><input name='input_2' id='input_1_2' type='text' value='' class='medium'    placeholder='Name' aria-required=\"true\" aria-invalid=\"false\"   \/><\/div><\/li><li id=\"field_1_3\" class=\"gfield gfield--type-text gf_left_half iconVorname gfield_contains_required field_sublabel_below gfield--no-description field_description_below field_validation_below gfield_visibility_visible\"  ><label class='gfield_label gform-field-label' for='input_1_3'>Vorname<span class=\"gfield_required\"><span class=\"gfield_required gfield_required_asterisk\">*<\/span><\/span><\/label><div class='ginput_container ginput_container_text'><input name='input_3' id='input_1_3' type='text' value='' class='medium'    placeholder='Vorname' aria-required=\"true\" aria-invalid=\"false\"   \/><\/div><\/li><li id=\"field_1_4\" class=\"gfield gfield--type-text iconMail gfield_contains_required field_sublabel_below gfield--no-description field_description_below field_validation_below gfield_visibility_visible\"  ><label class='gfield_label gform-field-label' for='input_1_4'>E-Mail<span class=\"gfield_required\"><span class=\"gfield_required gfield_required_asterisk\">*<\/span><\/span><\/label><div class='ginput_container ginput_container_text'><input name='input_4' id='input_1_4' type='text' value='' class='medium'    placeholder='E-Mail' aria-required=\"true\" aria-invalid=\"false\"   \/><\/div><\/li><\/ul>\n                    <\/div>\n                    <div class='gform-page-footer gform_page_footer top_label'>\n                         <input type='button' id='gform_next_button_1_5' class='gform_next_button gform-theme-button button' onclick='gform.submission.handleButtonClick(this);' data-submission-type='next' value='Weiter'  \/> \n                    <\/div>\n                <\/div>\n                <div id='gform_page_1_2' class='gform_page' data-js='page-field-id-5' style='display:none;'>\n                    <div class='gform_page_fields'>\n                        <ul id='gform_fields_1_2' class='gform_fields top_label form_sublabel_below description_below validation_below'><li id=\"field_1_6\" class=\"gfield gfield--type-text gfield_contains_required field_sublabel_below gfield--no-description field_description_below field_validation_below gfield_visibility_visible\"  ><label class='gfield_label gform-field-label' for='input_1_6'>Betreff<span class=\"gfield_required\"><span class=\"gfield_required gfield_required_asterisk\">*<\/span><\/span><\/label><div class='ginput_container ginput_container_text'><input name='input_6' id='input_1_6' type='text' value='' class='medium'    placeholder='Betreff' aria-required=\"true\" aria-invalid=\"false\"   \/><\/div><\/li><li id=\"field_1_7\" class=\"gfield gfield--type-text gfield_contains_required field_sublabel_below gfield--no-description field_description_below field_validation_below gfield_visibility_visible\"  ><label class='gfield_label gform-field-label' for='input_1_7'>Mailinhalt<span class=\"gfield_required\"><span class=\"gfield_required gfield_required_asterisk\">*<\/span><\/span><\/label><div class='ginput_container ginput_container_text'><input name='input_7' id='input_1_7' type='text' value='' class='medium'    placeholder='Mailinhalt' aria-required=\"true\" aria-invalid=\"false\"   \/><\/div><\/li><\/ul><\/div>\n        <div class='gform-page-footer gform_page_footer top_label'><input type='submit' id='gform_previous_button_1' class='gform_previous_button gform-theme-button gform-theme-button--secondary button' onclick='gform.submission.handleButtonClick(this);' data-submission-type='previous' value='Zur\u00fcck'  \/> <input type='submit' id='gform_submit_button_1' class='gform_button button' onclick='gform.submission.handleButtonClick(this);' data-submission-type='submit' value='Absenden'  \/> \n            <input type='hidden' class='gform_hidden' name='gform_submission_method' data-js='gform_submission_method_1' value='postback' \/>\n            <input type='hidden' class='gform_hidden' name='gform_theme' data-js='gform_theme_1' id='gform_theme_1' value='legacy' \/>\n            <input type='hidden' class='gform_hidden' name='gform_style_settings' data-js='gform_style_settings_1' id='gform_style_settings_1' value='[]' \/>\n            <input type='hidden' class='gform_hidden' name='is_submit_1' value='1' \/>\n            <input type='hidden' class='gform_hidden' name='gform_submit' value='1' \/>\n            \n            <input type='hidden' class='gform_hidden' name='gform_currency' data-currency='CHF' value='yLBeZX3kV0s2MdF2+A+3RTFAsyMWKDkXJK7uqYHlesE9+z0pRI0d9oQ13GFGQNmE2xyXP7ggVhSDpfdkYL2v72MQiSfN2VsuqlbJvJMPzpOzZdE=' \/>\n            <input type='hidden' class='gform_hidden' name='gform_unique_id' value='' \/>\n            <input type='hidden' class='gform_hidden' name='state_1' value='WyJbXSIsIjE0Yzk0OWU5N2Q0ZjM5YzdjMzA3Y2ZjYjgxOTMzNDc4Il0=' \/>\n            <input type='hidden' autocomplete='off' class='gform_hidden' name='gform_target_page_number_1' id='gform_target_page_number_1' value='2' \/>\n            <input type='hidden' autocomplete='off' class='gform_hidden' name='gform_source_page_number_1' id='gform_source_page_number_1' value='1' \/>\n            <input type='hidden' name='gform_field_values' value='' \/>\n            \n        <\/div>\n             <\/div><\/div>\n                        <\/form>\n                        <\/div><script type=\"text\/javascript\">\n\/* <![CDATA[ *\/\n gform.initializeOnLoaded( function() {gformInitSpinner( 1, 'https:\/\/www.svp-international.ch\/de\/wp-content\/plugins\/gravityforms\/images\/spinner.svg', true );jQuery('#gform_ajax_frame_1').on('load',function(){var contents = jQuery(this).contents().find('*').html();var is_postback = contents.indexOf('GF_AJAX_POSTBACK') >= 0;if(!is_postback){return;}var form_content = jQuery(this).contents().find('#gform_wrapper_1');var is_confirmation = jQuery(this).contents().find('#gform_confirmation_wrapper_1').length > 0;var is_redirect = contents.indexOf('gformRedirect(){') >= 0;var is_form = form_content.length > 0 && ! is_redirect && ! is_confirmation;var mt = parseInt(jQuery('html').css('margin-top'), 10) + parseInt(jQuery('body').css('margin-top'), 10) + 100;if(is_form){jQuery('#gform_wrapper_1').html(form_content.html());if(form_content.hasClass('gform_validation_error')){jQuery('#gform_wrapper_1').addClass('gform_validation_error');} else {jQuery('#gform_wrapper_1').removeClass('gform_validation_error');}setTimeout( function() { \/* delay the scroll by 50 milliseconds to fix a bug in chrome *\/ jQuery(document).scrollTop(0); }, 50 );if(window['gformInitDatepicker']) {gformInitDatepicker();}if(window['gformInitPriceFields']) {gformInitPriceFields();}var current_page = jQuery('#gform_source_page_number_1').val();gformInitSpinner( 1, 'https:\/\/www.svp-international.ch\/de\/wp-content\/plugins\/gravityforms\/images\/spinner.svg', true );jQuery(document).trigger('gform_page_loaded', [1, current_page]);window['gf_submitting_1'] = false;}else if(!is_redirect){var confirmation_content = jQuery(this).contents().find('.GF_AJAX_POSTBACK').html();if(!confirmation_content){confirmation_content = contents;}jQuery('#gform_wrapper_1').replaceWith(confirmation_content);jQuery(document).scrollTop(0);jQuery(document).trigger('gform_confirmation_loaded', [1]);window['gf_submitting_1'] = false;wp.a11y.speak(jQuery('#gform_confirmation_message_1').text());}else{jQuery('#gform_1').append(contents);if(window['gformRedirect']) {gformRedirect();}}jQuery(document).trigger(\"gform_pre_post_render\", [{ formId: \"1\", currentPage: \"current_page\", abort: function() { this.preventDefault(); } }]);        if (event && event.defaultPrevented) {                return;        }        const gformWrapperDiv = document.getElementById( \"gform_wrapper_1\" );        if ( gformWrapperDiv ) {            const visibilitySpan = document.createElement( \"span\" );            visibilitySpan.id = \"gform_visibility_test_1\";            gformWrapperDiv.insertAdjacentElement( \"afterend\", visibilitySpan );        }        const visibilityTestDiv = document.getElementById( \"gform_visibility_test_1\" );        let postRenderFired = false;        function triggerPostRender() {            if ( postRenderFired ) {                return;            }            postRenderFired = true;            gform.core.triggerPostRenderEvents( 1, current_page );            if ( visibilityTestDiv ) {                visibilityTestDiv.parentNode.removeChild( visibilityTestDiv );            }        }        function debounce( func, wait, immediate ) {            var timeout;            return function() {                var context = this, args = arguments;                var later = function() {                    timeout = null;                    if ( !immediate ) func.apply( context, args );                };                var callNow = immediate && !timeout;                clearTimeout( timeout );                timeout = setTimeout( later, wait );                if ( callNow ) func.apply( context, args );            };        }        const debouncedTriggerPostRender = debounce( function() {            triggerPostRender();        }, 200 );        if ( visibilityTestDiv && visibilityTestDiv.offsetParent === null ) {            const observer = new MutationObserver( ( mutations ) => {                mutations.forEach( ( mutation ) => {                    if ( mutation.type === 'attributes' && visibilityTestDiv.offsetParent !== null ) {                        debouncedTriggerPostRender();                        observer.disconnect();                    }                });            });            observer.observe( document.body, {                attributes: true,                childList: false,                subtree: true,                attributeFilter: [ 'style', 'class' ],            });        } else {            triggerPostRender();        }    } );} ); \n\/* ]]> *\/\n<\/script>\n\n<\/div>\n<\/div><\/div><\/div><\/div><\/div><\/div><\/div>","protected":false},"excerpt":{"rendered":"<p>Die SVP S\u00fcdafrika wurde 1992 als erste Sektion der SVP International gegr\u00fcndet. Die Sektion war bisher eher auf die Region Johannesburg ausgerichtet, doch ist auch eine weitere Gr\u00fcndung in Kapstadt angedacht. F\u00fcr mehr Informationen oder Beitrittsm\u00f6glichkeiten wenden Sie sich mittels Kontaktformular an Rolf Schudel, der auch bis Mitte 2012 f\u00fcr \u00fcber 10 Jahre Pr\u00e4sident der [&hellip;]<\/p>\n","protected":false},"author":22,"featured_media":0,"parent":22,"menu_order":0,"comment_status":"closed","ping_status":"closed","template":"","meta":{"footnotes":""},"class_list":["post-30","page","type-page","status-publish","hentry"],"_links":{"self":[{"href":"https:\/\/www.svp-international.ch\/de\/wp-json\/wp\/v2\/pages\/30","targetHints":{"allow":["GET"]}}],"collection":[{"href":"https:\/\/www.svp-international.ch\/de\/wp-json\/wp\/v2\/pages"}],"about":[{"href":"https:\/\/www.svp-international.ch\/de\/wp-json\/wp\/v2\/types\/page"}],"author":[{"embeddable":true,"href":"https:\/\/www.svp-international.ch\/de\/wp-json\/wp\/v2\/users\/22"}],"replies":[{"embeddable":true,"href":"https:\/\/www.svp-international.ch\/de\/wp-json\/wp\/v2\/comments?post=30"}],"version-history":[{"count":13,"href":"https:\/\/www.svp-international.ch\/de\/wp-json\/wp\/v2\/pages\/30\/revisions"}],"predecessor-version":[{"id":771,"href":"https:\/\/www.svp-international.ch\/de\/wp-json\/wp\/v2\/pages\/30\/revisions\/771"}],"up":[{"embeddable":true,"href":"https:\/\/www.svp-international.ch\/de\/wp-json\/wp\/v2\/pages\/22"}],"wp:attachment":[{"href":"https:\/\/www.svp-international.ch\/de\/wp-json\/wp\/v2\/media?parent=30"}],"curies":[{"name":"wp","href":"https:\/\/api.w.org\/{rel}","templated":true}]}}