{"id":59,"date":"2019-03-15T16:09:59","date_gmt":"2019-03-15T15:09:59","guid":{"rendered":"http:\/\/yyqrzwwvyb.cyon.link\/?page_id=59"},"modified":"2019-07-26T08:23:04","modified_gmt":"2019-07-26T06:23:04","slug":"wahlregeln","status":"publish","type":"page","link":"https:\/\/www.svp-international.ch\/de\/wahlen\/wahlregeln\/","title":{"rendered":"Wahlregeln"},"content":{"rendered":"<p><strong>1. Anmeldung<\/strong>:<br \/>\nAnmelden k\u00f6nnen Sie sich bei der Botschaft entweder schriftlich oder pers\u00f6nlich mit dem Formular \u201eMeldung als stimmberechtigte Auslandschweizer\/in\u201c. Geben Sie die Gemeinde an, in der Sie das Wahlrecht aus\u00fcben m\u00f6chten. Als Stimmgemeinde k\u00f6nnen Sie eine Ihrer Heimat- oder fr\u00fcheren Wohnsitzgemeinden bestimmen.\u00a0<a href=\"https:\/\/www.eda.admin.ch\/dam\/countries\/eda-all\/de\/asg-gesuch-ausuebung-politische-rechte_mehrsprachig.pdf\" target=\"_blank\" rel=\"noopener\">Hier k\u00f6nnen Sie das Formular downloaden.\u00a0<\/a><\/p>\n<p>&nbsp;<\/p>\n<p><strong>2. Wahlmaterial:<br \/>\n<\/strong>Vor den Wahlen erhalten Sie von Ihrer Stimmgemeinde das Wahlmaterial zugeschickt. Sie haben Anrecht auf das Wahlmaterial in einer der drei Amtssprachen, auch wenn diese nicht die Amtssprache Ihrer Stimmgemeinde ist. Geben Sie allf\u00e4llige W\u00fcnsche bei der Anmeldung bekannt.<\/p>\n<p>&nbsp;<\/p>\n<p><strong>3. M\u00f6chten Sie eine Liste ver\u00e4ndern, <\/strong><strong>so stehen Ihnen 2 M\u00f6glichkeiten zu Auswahl:<br \/>\n<\/strong><strong><br \/>\nKumulieren<\/strong> bedeutet, den gleichen Namen auf der gleichen Liste zweimal aufzuschreiben. Das Kumulieren von mehreren Kandidaten ist m\u00f6glich. Jeder Kandidat darf jedoch h\u00f6chstens zweimal auf der Liste stehen.<\/p>\n<p><strong>Panaschieren<\/strong> bedeutet, auf der Liste Ihrer Wahl einen Namen zu streichen und den Namen eines Kandidaten einer anderen Liste einzusetzen. Gleichzeitiges und mehrmaliges Panaschieren und Kumulieren sind erlaubt. Aber Achtung: Die panaschierten Kandidaten nehmen ihre Parteistimmen mit und schw\u00e4chen so die Partei, auf deren Liste sie neu stehen.<\/p>\n<p>&nbsp;<\/p>\n<p><strong>\u00a0<\/strong><strong>4. Stimmabgabe aus dem Ausland<\/strong><strong>:<br \/>\n<\/strong>Ihren ausgef\u00fcllten Wahlzettel legen Sie in das daf\u00fcr vorgesehene Stimmcouvert (nur einen Zettel pro Wahl!). Dieses ist verschlossen, allenfalls zusammen mit der kantonalen Ausweiskarte, in das Versandcouvert zu legen. Dieses Couvert m\u00fcssen Sie selber frankieren und an Ihre Stimmgemeinde schicken.<\/p>\n<p>Lesen Sie ausserdem die diesbez\u00fcglichen Anleitungen Ihrer Stimmgemeinde genau durch.<\/p>\n<p>Bitte beachten Sie, dass die Eidgenossenschaft das gute Funktionieren der ausl\u00e4ndischen Post nicht garantieren kann. Das Risiko einer versp\u00e4teten Ankunft des Wahlmaterials tragen Sie somit selber.<\/p>\n<p>&nbsp;<\/p>\n<p><strong>5. Stimmabgabe in der Schweiz:<br \/>\n<\/strong>Falls Sie sich zum Zeitpunkt der Wahlen in der Schweiz aufhalten, so k\u00f6nnen Sie entweder pers\u00f6nlich an der Urne oder brieflich abstimmen. Wenn Sie an der Urne w\u00e4hlen wollen, muss allerdings die Meldung Ihres Aufenthaltes in der Schweiz mindestens sechs Wochen vor dem Urnengang bei Ihrer Stimmgemeinde eintreffen, damit diese das Stimmmaterial f\u00fcr Sie bereitstellen kann. Dieses m\u00fcssen Sie w\u00e4hrend der Schalterzeiten abholen.<\/p>\n<p>&nbsp;<\/p>\n<p><strong>\u00a0Erleben Sie\u00a0die direkte Demokratie \u2013<\/strong><\/p>\n<p><strong>\u00a0\u00a0\u00a0\u00a0 \u00a0\u00a0\u00a0\u00a0\u00a0\u00a0\u00a0\u00a0\u00a0\u00a0\u00a0\u00a0\u00a0\u00a0\u00a0\u00a0\u00a0\u00a0\u00a0\u00a0\u00a0\u00a0\u00a0\u00a0\u00a0\u00a0\u00a0\u00a0\u00a0\u00a0\u00a0\u00a0\u00a0\u00a0\u00a0\u00a0\u00a0\u00a0\u00a0\u00a0 Einzigartig weltweit<\/strong><\/p>\n","protected":false},"excerpt":{"rendered":"<p>1. Anmeldung: Anmelden k\u00f6nnen Sie sich bei der Botschaft entweder schriftlich oder pers\u00f6nlich mit dem Formular \u201eMeldung als stimmberechtigte Auslandschweizer\/in\u201c. Geben Sie die Gemeinde an, in der Sie das Wahlrecht aus\u00fcben m\u00f6chten. Als Stimmgemeinde k\u00f6nnen Sie eine Ihrer Heimat- oder fr\u00fcheren Wohnsitzgemeinden bestimmen.\u00a0Hier k\u00f6nnen Sie das Formular downloaden.\u00a0 &nbsp; 2. Wahlmaterial: Vor den Wahlen erhalten [&hellip;]<\/p>\n","protected":false},"author":22,"featured_media":0,"parent":57,"menu_order":0,"comment_status":"closed","ping_status":"closed","template":"","meta":{"footnotes":""},"class_list":["post-59","page","type-page","status-publish","hentry"],"_links":{"self":[{"href":"https:\/\/www.svp-international.ch\/de\/wp-json\/wp\/v2\/pages\/59","targetHints":{"allow":["GET"]}}],"collection":[{"href":"https:\/\/www.svp-international.ch\/de\/wp-json\/wp\/v2\/pages"}],"about":[{"href":"https:\/\/www.svp-international.ch\/de\/wp-json\/wp\/v2\/types\/page"}],"author":[{"embeddable":true,"href":"https:\/\/www.svp-international.ch\/de\/wp-json\/wp\/v2\/users\/22"}],"replies":[{"embeddable":true,"href":"https:\/\/www.svp-international.ch\/de\/wp-json\/wp\/v2\/comments?post=59"}],"version-history":[{"count":6,"href":"https:\/\/www.svp-international.ch\/de\/wp-json\/wp\/v2\/pages\/59\/revisions"}],"predecessor-version":[{"id":797,"href":"https:\/\/www.svp-international.ch\/de\/wp-json\/wp\/v2\/pages\/59\/revisions\/797"}],"up":[{"embeddable":true,"href":"https:\/\/www.svp-international.ch\/de\/wp-json\/wp\/v2\/pages\/57"}],"wp:attachment":[{"href":"https:\/\/www.svp-international.ch\/de\/wp-json\/wp\/v2\/media?parent=59"}],"curies":[{"name":"wp","href":"https:\/\/api.w.org\/{rel}","templated":true}]}}