{"id":61,"date":"2019-03-15T16:10:58","date_gmt":"2019-03-15T15:10:58","guid":{"rendered":"http:\/\/yyqrzwwvyb.cyon.link\/?page_id=61"},"modified":"2019-05-29T09:04:53","modified_gmt":"2019-05-29T07:04:53","slug":"initiativen-referenden","status":"publish","type":"page","link":"https:\/\/www.svp-international.ch\/de\/wahlen\/initiativen-referenden\/","title":{"rendered":"Initiativen, Referenden"},"content":{"rendered":"<p><strong>So unterschreiben Sie als Auslandschweizer Volksinitiativen, Referenden und Petitionen<br \/>\n<\/strong><br \/>\nWenn Sie als Schweizer im Ausland <strong>Volksinitiativen oder Referenden <\/strong>unterschreiben, geben Sie auf dem Unterschriftenbogen unter Adresse jeweils ihre aktuelle Wohnadresse im Ausland an.<\/p>\n<p>Vergessen Sie aber nicht, unter &#8222;Gemeinde&#8220; und &#8222;Kanton&#8220; stets diejenige Gemeinde und denjenigen Kanton in der Schweiz anzugeben, in denen Sie stimmberechtigt sind.<\/p>\n<p>Mittels <strong>Petitionen <\/strong>kann jede Person Bitten an die Beh\u00f6rden richten. Der Begriff Petition umfasst Vorschl\u00e4ge, Kritiken oder Beschwerden. Eine Petition kann von jedem Menschen auf der Welt unterschrieben oder gar lanciert werden.<\/p>\n<p>Beim Ausf\u00fcllen von Petitionsb\u00f6gen kann daher auch problemlos nur die Adresse im Ausland angegeben werden. Die B\u00f6gen m\u00fcssen danach lediglich noch an den Petitionssteller zur\u00fcckgesandt werden.<\/p>\n","protected":false},"excerpt":{"rendered":"<p>So unterschreiben Sie als Auslandschweizer Volksinitiativen, Referenden und Petitionen Wenn Sie als Schweizer im Ausland Volksinitiativen oder Referenden unterschreiben, geben Sie auf dem Unterschriftenbogen unter Adresse jeweils ihre aktuelle Wohnadresse im Ausland an. Vergessen Sie aber nicht, unter &#8222;Gemeinde&#8220; und &#8222;Kanton&#8220; stets diejenige Gemeinde und denjenigen Kanton in der Schweiz anzugeben, in denen Sie stimmberechtigt [&hellip;]<\/p>\n","protected":false},"author":22,"featured_media":0,"parent":57,"menu_order":0,"comment_status":"closed","ping_status":"closed","template":"","meta":{"footnotes":""},"class_list":["post-61","page","type-page","status-publish","hentry"],"_links":{"self":[{"href":"https:\/\/www.svp-international.ch\/de\/wp-json\/wp\/v2\/pages\/61","targetHints":{"allow":["GET"]}}],"collection":[{"href":"https:\/\/www.svp-international.ch\/de\/wp-json\/wp\/v2\/pages"}],"about":[{"href":"https:\/\/www.svp-international.ch\/de\/wp-json\/wp\/v2\/types\/page"}],"author":[{"embeddable":true,"href":"https:\/\/www.svp-international.ch\/de\/wp-json\/wp\/v2\/users\/22"}],"replies":[{"embeddable":true,"href":"https:\/\/www.svp-international.ch\/de\/wp-json\/wp\/v2\/comments?post=61"}],"version-history":[{"count":2,"href":"https:\/\/www.svp-international.ch\/de\/wp-json\/wp\/v2\/pages\/61\/revisions"}],"predecessor-version":[{"id":653,"href":"https:\/\/www.svp-international.ch\/de\/wp-json\/wp\/v2\/pages\/61\/revisions\/653"}],"up":[{"embeddable":true,"href":"https:\/\/www.svp-international.ch\/de\/wp-json\/wp\/v2\/pages\/57"}],"wp:attachment":[{"href":"https:\/\/www.svp-international.ch\/de\/wp-json\/wp\/v2\/media?parent=61"}],"curies":[{"name":"wp","href":"https:\/\/api.w.org\/{rel}","templated":true}]}}