{"id":77,"date":"2019-03-15T16:18:51","date_gmt":"2019-03-15T15:18:51","guid":{"rendered":"http:\/\/yyqrzwwvyb.cyon.link\/?page_id=77"},"modified":"2021-03-14T19:40:06","modified_gmt":"2021-03-14T18:40:06","slug":"geld-spenden","status":"publish","type":"page","link":"https:\/\/www.svp-international.ch\/de\/mitmachen\/geld-spenden\/","title":{"rendered":"Geld spenden"},"content":{"rendered":"<p>Die SVP International lebt von Spenden. Nur dank der finanziellen Unterst\u00fctzung zahlreicher Auslandschweizerinnen und Auslandschweizer ist die SVP in der Lage, auch weiterhin konsequent f\u00fcr eine unabh\u00e4ngige und neutrale Schweiz einzustehen sowie f\u00fcr weniger Steuern, Geb\u00fchren, Abgaben und gegen Missbr\u00e4uche aller Art zu k\u00e4mpfen.<\/p>\n<p>Bitte unterst\u00fctzen Sie die politische Arbeit der SVP International.<\/p>\n<p><strong>SVP INTERNATIONAL<br \/>\nOptingenstrasse 1<br \/>\nCH-3013 Bern<\/strong><\/p>\n<p>PC-Konto: 30-28639-7<br \/>\nIBAN: CH 24 0900 0000 3002 8639 7<br \/>\nBIC: POFICHBEXXX<\/p>\n<p>&nbsp;<\/p>\n<p><strong>Einzahlung per Kreditkarte:<br \/>\n<\/strong><\/p>\n<p>Zum bezahlen geben Sie den gew\u00fcnschten Betrag ein und klicken danach auf die Schaltfl\u00e4che &#8222;Bezahlen&#8220;:<\/p>\n<p><em>(Bezahlungsformular fehlt noch)<\/em><\/p>\n","protected":false},"excerpt":{"rendered":"<p>Die SVP International lebt von Spenden. Nur dank der finanziellen Unterst\u00fctzung zahlreicher Auslandschweizerinnen und Auslandschweizer ist die SVP in der Lage, auch weiterhin konsequent f\u00fcr eine unabh\u00e4ngige und neutrale Schweiz einzustehen sowie f\u00fcr weniger Steuern, Geb\u00fchren, Abgaben und gegen Missbr\u00e4uche aller Art zu k\u00e4mpfen. Bitte unterst\u00fctzen Sie die politische Arbeit der SVP International. SVP INTERNATIONAL [&hellip;]<\/p>\n","protected":false},"author":22,"featured_media":0,"parent":47,"menu_order":0,"comment_status":"closed","ping_status":"closed","template":"","meta":{"footnotes":""},"class_list":["post-77","page","type-page","status-publish","hentry"],"_links":{"self":[{"href":"https:\/\/www.svp-international.ch\/de\/wp-json\/wp\/v2\/pages\/77","targetHints":{"allow":["GET"]}}],"collection":[{"href":"https:\/\/www.svp-international.ch\/de\/wp-json\/wp\/v2\/pages"}],"about":[{"href":"https:\/\/www.svp-international.ch\/de\/wp-json\/wp\/v2\/types\/page"}],"author":[{"embeddable":true,"href":"https:\/\/www.svp-international.ch\/de\/wp-json\/wp\/v2\/users\/22"}],"replies":[{"embeddable":true,"href":"https:\/\/www.svp-international.ch\/de\/wp-json\/wp\/v2\/comments?post=77"}],"version-history":[{"count":5,"href":"https:\/\/www.svp-international.ch\/de\/wp-json\/wp\/v2\/pages\/77\/revisions"}],"predecessor-version":[{"id":924,"href":"https:\/\/www.svp-international.ch\/de\/wp-json\/wp\/v2\/pages\/77\/revisions\/924"}],"up":[{"embeddable":true,"href":"https:\/\/www.svp-international.ch\/de\/wp-json\/wp\/v2\/pages\/47"}],"wp:attachment":[{"href":"https:\/\/www.svp-international.ch\/de\/wp-json\/wp\/v2\/media?parent=77"}],"curies":[{"name":"wp","href":"https:\/\/api.w.org\/{rel}","templated":true}]}}