{"id":10,"date":"2019-03-15T15:35:53","date_gmt":"2019-03-15T14:35:53","guid":{"rendered":"http:\/\/yyqrzwwvyb.cyon.link\/?page_id=10"},"modified":"2021-04-01T14:21:03","modified_gmt":"2021-04-01T12:21:03","slug":"board-members","status":"publish","type":"page","link":"https:\/\/www.svp-international.ch\/en\/about-us\/organization\/board-members\/","title":{"rendered":"Board members"},"content":{"rendered":"<div id=\"pl-10\"  class=\"panel-layout\" ><div id=\"pg-10-0\"  class=\"panel-grid panel-has-style\" ><div data-iw-animation-delay=\"\" data-iw-animation-position=\"\" class=\"panel-row-style panel-row-style-for-10-0\" ><div id=\"pgc-10-0-0\"  class=\"panel-grid-cell\" ><div id=\"panel-10-0-0-0\" class=\"so-panel widget widget_sow-editor panel-first-child panel-last-child\" data-index=\"0\" ><div data-iw-animation-delay=\"\" data-iw-animation-position=\"\" class=\"panel-widget-style panel-widget-style-for-10-0-0-0\" ><div\n\t\t\t\n\t\t\tclass=\"so-widget-sow-editor so-widget-sow-editor-base\"\n\t\t\t\n\t\t>\n<div class=\"siteorigin-widget-tinymce textwidget\">\n\t<div class=\"organBox personenprofil\">\n        <div class=\"autorBoxTitle\">president (Switzerland\/Sweden)<\/div>\n            <div class=\"autorBoxImage\"><img decoding=\"async\" src=\"https:\/\/www.svp-international.ch\/en\/wp-content\/uploads\/sites\/31\/Inge-Sch\u00fctz.jpg\" alt=\"\"\/><\/div>\n    \n    <div class=\"autorBoxname\">Inge Sch\u00fctz<\/div>\n\n                        <!-- contact Detail -->\n                                                            <div class=\"autorBoxProfilLink\"><i class=\"uk-icon-angle-double-right\"><\/i> <a href=\"https:\/\/www.svp-international.ch\/en\/personen\/inge-schuetz\/\">to the Profile<\/a><\/div>\n            <\/div>\n\n<\/div>\n<\/div><\/div><\/div><\/div><div id=\"pgc-10-0-1\"  class=\"panel-grid-cell\" ><div id=\"panel-10-0-1-0\" class=\"so-panel widget widget_sow-editor panel-first-child panel-last-child\" data-index=\"1\" ><div data-iw-animation-delay=\"\" data-iw-animation-position=\"\" class=\"panel-widget-style panel-widget-style-for-10-0-1-0\" ><div\n\t\t\t\n\t\t\tclass=\"so-widget-sow-editor so-widget-sow-editor-base\"\n\t\t\t\n\t\t>\n<div class=\"siteorigin-widget-tinymce textwidget\">\n\t<div class=\"organBox personenprofil\">\n        <div class=\"autorBoxTitle\">(Hungary), member CSA<\/div>\n            <div class=\"autorBoxImage\"><img decoding=\"async\" src=\"https:\/\/www.svp-international.ch\/en\/wp-content\/uploads\/sites\/31\/John-McGough-e1553869428452.jpg\" alt=\"\"\/><\/div>\n    \n    <div class=\"autorBoxname\">John McGough<\/div>\n\n                        <!-- contact Detail -->\n                                                            <div class=\"autorBoxProfilLink\"><i class=\"uk-icon-angle-double-right\"><\/i> <a href=\"https:\/\/www.svp-international.ch\/en\/personen\/john-mcgough\/\">to the Profile<\/a><\/div>\n            <\/div>\n\n<\/div>\n<\/div><\/div><\/div><\/div><div id=\"pgc-10-0-2\"  class=\"panel-grid-cell\" ><div id=\"panel-10-0-2-0\" class=\"so-panel widget widget_sow-editor panel-first-child panel-last-child\" data-index=\"2\" ><div data-iw-animation-delay=\"\" data-iw-animation-position=\"\" class=\"panel-widget-style panel-widget-style-for-10-0-2-0\" ><div\n\t\t\t\n\t\t\tclass=\"so-widget-sow-editor so-widget-sow-editor-base\"\n\t\t\t\n\t\t>\n<div class=\"siteorigin-widget-tinymce textwidget\">\n\t<div class=\"organBox personenprofil\">\n        <div class=\"autorBoxTitle\">Secretary<\/div>\n            <div class=\"autorBoxImage\"><img decoding=\"async\" src=\"https:\/\/www.svp-international.ch\/en\/wp-content\/uploads\/sites\/31\/Aliki-Panayides-e1553869394250.jpg\" alt=\"\"\/><\/div>\n    \n    <div class=\"autorBoxname\">Aliki Panayides<\/div>\n\n                        <!-- contact Detail -->\n                                                            <div class=\"autorBoxProfilLink\"><i class=\"uk-icon-angle-double-right\"><\/i> <a href=\"https:\/\/www.svp-international.ch\/en\/personen\/aliki-panayides\/\">to the Profile<\/a><\/div>\n            <\/div>\n\n<\/div>\n<\/div><\/div><\/div><\/div><div id=\"pgc-10-0-3\"  class=\"panel-grid-cell\" ><div id=\"panel-10-0-3-0\" class=\"so-panel widget widget_sow-editor panel-first-child panel-last-child\" data-index=\"3\" ><div data-iw-animation-delay=\"\" data-iw-animation-position=\"\" class=\"panel-widget-style panel-widget-style-for-10-0-3-0\" ><div\n\t\t\t\n\t\t\tclass=\"so-widget-sow-editor so-widget-sow-editor-base\"\n\t\t\t\n\t\t>\n<div class=\"siteorigin-widget-tinymce textwidget\">\n\t<div class=\"organBox personenprofil\">\n        <div class=\"autorBoxTitle\">National councillor<\/div>\n            <div class=\"autorBoxImage\"><img decoding=\"async\" src=\"https:\/\/www.svp-international.ch\/en\/wp-content\/uploads\/sites\/31\/Roland-Rino-B\u00fcchel-e1553869449930.jpg\" alt=\"\"\/><\/div>\n    \n    <div class=\"autorBoxname\">Roland Rino B\u00fcchel<\/div>\n\n        <div class=\"autorBoxFunction\">Nationalrat<\/div>\n                        <!-- contact Detail -->\n                                                            <div class=\"autorBoxProfilLink\"><i class=\"uk-icon-angle-double-right\"><\/i> <a href=\"https:\/\/www.svp-international.ch\/en\/personen\/roland-rino-buechel\/\">to the Profile<\/a><\/div>\n            <\/div>\n\n<\/div>\n<\/div><\/div><\/div><\/div><\/div><\/div><div id=\"pg-10-1\"  class=\"panel-grid panel-has-style\" ><div data-iw-animation-delay=\"\" data-iw-animation-position=\"\" class=\"panel-row-style panel-row-style-for-10-1\" ><div id=\"pgc-10-1-0\"  class=\"panel-grid-cell\" ><div id=\"panel-10-1-0-0\" class=\"so-panel widget widget_sow-editor panel-first-child panel-last-child\" data-index=\"4\" ><div data-iw-animation-delay=\"\" data-iw-animation-position=\"\" class=\"panel-widget-style panel-widget-style-for-10-1-0-0\" ><div\n\t\t\t\n\t\t\tclass=\"so-widget-sow-editor so-widget-sow-editor-base\"\n\t\t\t\n\t\t>\n<div class=\"siteorigin-widget-tinymce textwidget\">\n\t<div class=\"organBox personenprofil\">\n        <div class=\"autorBoxTitle\">(Norway)<\/div>\n            <div class=\"autorBoxImage\"><img decoding=\"async\" src=\"https:\/\/www.svp-international.ch\/en\/wp-content\/uploads\/sites\/31\/Bj\u00f4rn-Stahel-e1553869484453.jpg\" alt=\"\"\/><\/div>\n    \n    <div class=\"autorBoxname\">Bj\u00f4rn Stahel<\/div>\n\n                        <!-- contact Detail -->\n                                                            <div class=\"autorBoxProfilLink\"><i class=\"uk-icon-angle-double-right\"><\/i> <a href=\"https:\/\/www.svp-international.ch\/en\/personen\/bjorn-stahel\/\">to the Profile<\/a><\/div>\n            <\/div>\n\n<\/div>\n<\/div><\/div><\/div><\/div><div id=\"pgc-10-1-1\"  class=\"panel-grid-cell\" ><div id=\"panel-10-1-1-0\" class=\"so-panel widget widget_sow-editor panel-first-child panel-last-child\" data-index=\"5\" ><div data-iw-animation-delay=\"\" data-iw-animation-position=\"\" class=\"panel-widget-style panel-widget-style-for-10-1-1-0\" ><div\n\t\t\t\n\t\t\tclass=\"so-widget-sow-editor so-widget-sow-editor-base\"\n\t\t\t\n\t\t>\n<div class=\"siteorigin-widget-tinymce textwidget\">\n\t<div class=\"organBox personenprofil\">\n        <div class=\"autorBoxTitle\">(Russia)<\/div>\n            <div class=\"autorBoxImage\"><img decoding=\"async\" src=\"https:\/\/www.svp-international.ch\/en\/wp-content\/uploads\/sites\/31\/andreas-b\u00fchrer.256x256.jpg\" alt=\"\"\/><\/div>\n    \n    <div class=\"autorBoxname\">Andreas B\u00fchrer<\/div>\n\n                        <!-- contact Detail -->\n                                                            <div class=\"autorBoxProfilLink\"><i class=\"uk-icon-angle-double-right\"><\/i> <a href=\"https:\/\/www.svp-international.ch\/en\/personen\/andreas-buehrer\/\">to the Profile<\/a><\/div>\n            <\/div>\n\n<\/div>\n<\/div><\/div><\/div><\/div><div id=\"pgc-10-1-2\"  class=\"panel-grid-cell\" ><div id=\"panel-10-1-2-0\" class=\"so-panel widget widget_sow-editor panel-first-child panel-last-child\" data-index=\"6\" ><div data-iw-animation-delay=\"\" data-iw-animation-position=\"\" class=\"panel-widget-style panel-widget-style-for-10-1-2-0\" ><div\n\t\t\t\n\t\t\tclass=\"so-widget-sow-editor so-widget-sow-editor-base\"\n\t\t\t\n\t\t>\n<div class=\"siteorigin-widget-tinymce textwidget\">\n\t<div class=\"organBox personenprofil\">\n        <div class=\"autorBoxTitle\">(Switzerland\/Costa Rica\/Ivory Coast)<\/div>\n            <div class=\"autorBoxImage\"><img decoding=\"async\" src=\"https:\/\/www.svp-international.ch\/en\/wp-content\/uploads\/sites\/31\/Johann-D\u00e4hler-e1553869439832.jpg\" alt=\"\"\/><\/div>\n    \n    <div class=\"autorBoxname\">Johann D\u00e4hler<\/div>\n\n                        <!-- contact Detail -->\n                                                            <div class=\"autorBoxProfilLink\"><i class=\"uk-icon-angle-double-right\"><\/i> <a href=\"https:\/\/www.svp-international.ch\/en\/personen\/johann-daehler\/\">to the Profile<\/a><\/div>\n            <\/div>\n\n<\/div>\n<\/div><\/div><\/div><\/div><div id=\"pgc-10-1-3\"  class=\"panel-grid-cell\" ><div id=\"panel-10-1-3-0\" class=\"so-panel widget widget_sow-editor panel-first-child panel-last-child\" data-index=\"7\" ><div data-iw-animation-delay=\"\" data-iw-animation-position=\"\" class=\"panel-widget-style panel-widget-style-for-10-1-3-0\" ><div\n\t\t\t\n\t\t\tclass=\"so-widget-sow-editor so-widget-sow-editor-base\"\n\t\t\t\n\t\t>\n<div class=\"siteorigin-widget-tinymce textwidget\">\n\t<div class=\"organBox personenprofil\">\n        <div class=\"autorBoxTitle\">(England)<\/div>\n            <div class=\"autorBoxImage\"><img decoding=\"async\" src=\"https:\/\/www.svp-international.ch\/en\/wp-content\/uploads\/sites\/31\/Nicolas-Szita-e1553869409910.jpg\" alt=\"\"\/><\/div>\n    \n    <div class=\"autorBoxname\">Nicolas Szita<\/div>\n\n                        <!-- contact Detail -->\n                                                            <div class=\"autorBoxProfilLink\"><i class=\"uk-icon-angle-double-right\"><\/i> <a href=\"https:\/\/www.svp-international.ch\/en\/personen\/nicolas-szita\/\">to the Profile<\/a><\/div>\n            <\/div>\n\n<\/div>\n<\/div><\/div><\/div><\/div><\/div><\/div><div id=\"pg-10-2\"  class=\"panel-grid panel-has-style\" ><div data-iw-animation-delay=\"\" data-iw-animation-position=\"\" class=\"panel-row-style panel-row-style-for-10-2\" ><div id=\"pgc-10-2-0\"  class=\"panel-grid-cell\" ><div id=\"panel-10-2-0-0\" class=\"so-panel widget widget_sow-editor panel-first-child panel-last-child\" data-index=\"8\" ><div data-iw-animation-delay=\"\" data-iw-animation-position=\"\" class=\"panel-widget-style panel-widget-style-for-10-2-0-0\" ><div\n\t\t\t\n\t\t\tclass=\"so-widget-sow-editor so-widget-sow-editor-base\"\n\t\t\t\n\t\t>\n<div class=\"siteorigin-widget-tinymce textwidget\">\n\t<div class=\"organBox personenprofil\">\n        <div class=\"autorBoxTitle\">(Switzerland \/ Italy)<\/div>\n            <div class=\"autorBoxImage\"><img decoding=\"async\" src=\"https:\/\/www.svp-international.ch\/en\/wp-content\/uploads\/sites\/31\/Miriam-Gurtner.jpg\" alt=\"\"\/><\/div>\n    \n    <div class=\"autorBoxname\">Miriam Gurtner<\/div>\n\n                        <!-- contact Detail -->\n                                                            <div class=\"autorBoxProfilLink\"><i class=\"uk-icon-angle-double-right\"><\/i> <a href=\"https:\/\/www.svp-international.ch\/en\/personen\/miriam-gurtner\/\">to the Profile<\/a><\/div>\n            <\/div>\n\n<\/div>\n<\/div><\/div><\/div><\/div><div id=\"pgc-10-2-1\"  class=\"panel-grid-cell\" ><div id=\"panel-10-2-1-0\" class=\"so-panel widget widget_sow-editor panel-first-child panel-last-child\" data-index=\"9\" ><div data-iw-animation-delay=\"\" data-iw-animation-position=\"\" class=\"panel-widget-style panel-widget-style-for-10-2-1-0\" ><div\n\t\t\t\n\t\t\tclass=\"so-widget-sow-editor so-widget-sow-editor-base\"\n\t\t\t\n\t\t>\n<div class=\"siteorigin-widget-tinymce textwidget\">\n\t<div class=\"organBox personenprofil\">\n        <div class=\"autorBoxTitle\">National Councillor<\/div>\n            <div class=\"autorBoxImage\"><img decoding=\"async\" src=\"https:\/\/www.svp-international.ch\/en\/wp-content\/uploads\/sites\/31\/Monika-R\u00fcegger.jpg\" alt=\"\"\/><\/div>\n    \n    <div class=\"autorBoxname\">Monika R\u00fcegger<\/div>\n\n        <div class=\"autorBoxFunction\">Nationalr\u00e4tin<\/div>\n                        <!-- contact Detail -->\n                                                            <div class=\"autorBoxProfilLink\"><i class=\"uk-icon-angle-double-right\"><\/i> <a href=\"https:\/\/www.svp-international.ch\/en\/personen\/monika-ruegger\/\">to the Profile<\/a><\/div>\n            <\/div>\n\n<\/div>\n<\/div><\/div><\/div><\/div><div id=\"pgc-10-2-2\"  class=\"panel-grid-cell panel-grid-cell-mobile-last\" ><div id=\"panel-10-2-2-0\" class=\"so-panel widget widget_sow-editor panel-first-child panel-last-child\" data-index=\"10\" ><div data-iw-animation-delay=\"\" data-iw-animation-position=\"\" class=\"panel-widget-style panel-widget-style-for-10-2-2-0\" ><div\n\t\t\t\n\t\t\tclass=\"so-widget-sow-editor so-widget-sow-editor-base\"\n\t\t\t\n\t\t>\n<div class=\"siteorigin-widget-tinymce textwidget\">\n\t<div class=\"organBox personenprofil\">\n        <div class=\"autorBoxTitle\">National Councillor<\/div>\n            <div class=\"autorBoxImage\"><img decoding=\"async\" src=\"https:\/\/www.svp-international.ch\/en\/wp-content\/uploads\/sites\/31\/Martina-Bircher.jpg\" alt=\"\"\/><\/div>\n    \n    <div class=\"autorBoxname\">Martina Bircher<\/div>\n\n        <div class=\"autorBoxFunction\">Nationalr\u00e4tin<\/div>\n                        <!-- contact Detail -->\n                                                            <div class=\"autorBoxProfilLink\"><i class=\"uk-icon-angle-double-right\"><\/i> <a href=\"https:\/\/www.svp-international.ch\/en\/personen\/martina-bircher\/\">to the Profile<\/a><\/div>\n            <\/div>\n\n<\/div>\n<\/div><\/div><\/div><\/div><div id=\"pgc-10-2-3\"  class=\"panel-grid-cell panel-grid-cell-empty\" ><\/div><\/div><\/div><\/div>","protected":false},"excerpt":{"rendered":"<p>president (Switzerland\/Sweden) Inge Sch\u00fctz to the Profile (Hungary), member CSA John McGough to the Profile Secretary Aliki Panayides to the Profile National councillor Roland Rino B\u00fcchel Nationalrat to the Profile (Norway) Bj\u00f4rn Stahel to the Profile (Russia) Andreas B\u00fchrer to the Profile (Switzerland\/Costa Rica\/Ivory Coast) Johann D\u00e4hler to the Profile (England) Nicolas Szita to the [&hellip;]<\/p>\n","protected":false},"author":22,"featured_media":0,"parent":138,"menu_order":0,"comment_status":"closed","ping_status":"closed","template":"","meta":{"footnotes":""},"class_list":["post-10","page","type-page","status-publish","hentry"],"_links":{"self":[{"href":"https:\/\/www.svp-international.ch\/en\/wp-json\/wp\/v2\/pages\/10","targetHints":{"allow":["GET"]}}],"collection":[{"href":"https:\/\/www.svp-international.ch\/en\/wp-json\/wp\/v2\/pages"}],"about":[{"href":"https:\/\/www.svp-international.ch\/en\/wp-json\/wp\/v2\/types\/page"}],"author":[{"embeddable":true,"href":"https:\/\/www.svp-international.ch\/en\/wp-json\/wp\/v2\/users\/22"}],"replies":[{"embeddable":true,"href":"https:\/\/www.svp-international.ch\/en\/wp-json\/wp\/v2\/comments?post=10"}],"version-history":[{"count":23,"href":"https:\/\/www.svp-international.ch\/en\/wp-json\/wp\/v2\/pages\/10\/revisions"}],"predecessor-version":[{"id":372,"href":"https:\/\/www.svp-international.ch\/en\/wp-json\/wp\/v2\/pages\/10\/revisions\/372"}],"up":[{"embeddable":true,"href":"https:\/\/www.svp-international.ch\/en\/wp-json\/wp\/v2\/pages\/138"}],"wp:attachment":[{"href":"https:\/\/www.svp-international.ch\/en\/wp-json\/wp\/v2\/media?parent=10"}],"curies":[{"name":"wp","href":"https:\/\/api.w.org\/{rel}","templated":true}]}}