{"id":12,"date":"2019-03-15T15:36:16","date_gmt":"2019-03-15T14:36:16","guid":{"rendered":"http:\/\/yyqrzwwvyb.cyon.link\/?page_id=12"},"modified":"2019-06-21T15:08:53","modified_gmt":"2019-06-21T13:08:53","slug":"manifeste-des-elections","status":"publish","type":"page","link":"https:\/\/www.svp-international.ch\/fr\/portrait\/objectifs\/manifeste-des-elections\/","title":{"rendered":"Manifeste des \u00e9lections"},"content":{"rendered":"<p>Voici les engagements de l&rsquo;UDC International durant la l\u00e9gislature 2015-2019:<\/p>\n<ul>\n<li><strong>garantir la s\u00e9curit\u00e9 financi\u00e8re des Suisses<\/strong><\/li>\n<li><strong>assurer un suivi consulaire suffisant<\/strong><\/li>\n<li><strong>adopter une vision internationale au lieu de se subordonner \u00e0 l&rsquo;UE<\/strong><\/li>\n<li><strong>sauvegarder l&rsquo;ind\u00e9pendance et la neutralit\u00e9 de la Suisse<\/strong><\/li>\n<li><strong>mener une politique claire \u00e0 l&rsquo;\u00e9gard des \u00e9trangers<\/strong><\/li>\n<\/ul>\n<p>&nbsp;<\/p>\n<h3>Garantir la s\u00e9curit\u00e9 financi\u00e8re<\/h3>\n<p>Devise: <strong>\u00e0 chaque Suisse (de l&rsquo;\u00e9tranger) son compte en banque en Suisse<\/strong><\/p>\n<p>Les Suisses de l&rsquo;\u00e9tranger ou les Suisses qui ont v\u00e9cu quelque temps \u00e0 l&rsquo;\u00e9tranger sont fr\u00e9quemment discrimin\u00e9s aussi bien par les \u00e9tablissements financiers que par les institutions de pr\u00e9voyance vieillesse.<\/p>\n<p>Les engagements de l&rsquo;UDC International:<\/p>\n<ul>\n<li>veiller \u00e0 ce que chaque Suisse puisse avoir son compte en banque en Suisse<\/li>\n<li>emp\u00eacher le minage du secret bancaire prot\u00e9geant les clients suisses<\/li>\n<li>r\u00e9duire la discrimination par les institutions de pr\u00e9voyance vieillesse des Suisses<\/li>\n<li>ayant s\u00e9journ\u00e9 \u00e0 l&rsquo;\u00e9tranger<\/li>\n<li>soutenir la politique \u00e9conomique lib\u00e9rale de la Suisse<\/li>\n<\/ul>\n<p>&nbsp;<\/p>\n<h3>Suivi consulaire suffisant<\/h3>\n<p>Devise: <strong>renoncer \u00e0 la fermeture irr\u00e9fl\u00e9chie de consulats<\/strong><\/p>\n<p>UDC International se bat depuis des ann\u00e9es pour que les repr\u00e9sentations \u00e0 l&rsquo;\u00e9tranger comme les consulats, ambassades, chambres du commerce et autres partenaires de coop\u00e9ration soutiennent plus efficacement les Suisses de l&rsquo;\u00e9tranger et l&rsquo;\u00e9conomie suisse.<\/p>\n<p>Les combats de l&rsquo;UDC International:<\/p>\n<ul>\n<li>garantir la proximit\u00e9 et l&rsquo;efficacit\u00e9 du r\u00e9seau consulaire<\/li>\n<li>impliquer et faire participer activement les politiciens des sections des Suisses de l&rsquo;\u00e9tranger des partis politiques dans les organes des Suisses de l&rsquo;\u00e9tranger ainsi que dans les principales commissions sp\u00e9cialis\u00e9es concernant la libre circulation des personnes, les assurances sociales, les accords fiscaux, le secteur financier, la recherche, la formation et le commerce ext\u00e9rieur.<\/li>\n<li>renforcer la position des Suisses de l&rsquo;\u00e9tranger comme \u00ab\u00a0ambassadeurs de notre pays\u00a0\u00bb et interm\u00e9diaires neutres<\/li>\n<\/ul>\n<p>&nbsp;<\/p>\n<h3>Vision internationale au lieu de subordination \u00e0 l&rsquo;UE<\/h3>\n<p>Devise: <strong>le monde ne s&rsquo;arr\u00eate pas aux fronti\u00e8res europ\u00e9ennes<\/strong><\/p>\n<p>Les engagements de l&rsquo;UDC International:<\/p>\n<ul>\n<li>faire reconna\u00eetre au niveau mondial le syst\u00e8me de formation suisse<\/li>\n<li>encourager les exportations et la coop\u00e9ration \u00e9conomique internationale moyennant des accords de libre-\u00e9change et accords bilat\u00e9raux<\/li>\n<li>renforcer la coop\u00e9ration scientifique au-del\u00e0 des fronti\u00e8res europ\u00e9ennes<\/li>\n<li>obtenir des engagements contractuels pour pouvoir appliquer l&rsquo;initiative pour le renvoi des \u00e9trangers criminels et l&rsquo;initiative contre l&rsquo;immigration de masse<\/li>\n<\/ul>\n<p>&nbsp;<\/p>\n<h3>Sauvegarder la d\u00e9mocratie directe, l&rsquo;ind\u00e9pendance et la neutralit\u00e9 de la Suisse<\/h3>\n<p>Devise: <strong>emp\u00eacher l&rsquo;adh\u00e9sion insidieuse \u00e0 l&rsquo;UE<\/strong><\/p>\n<p>Pour l&rsquo;UDC International, il est extr\u00eamement important de sauvegarder l&rsquo;ind\u00e9pendance et la neutralit\u00e9 de la Suisse. Partant du constat que NOUS avons en main notre propre sort, UDC International prend notamment les engagements suivants:<\/p>\n<ul>\n<li>appliquer rigoureusement et sans condition les d\u00e9cisions du peuple (cesser de miner la d\u00e9mocratie)<\/li>\n<li>sauvegarder la neutralit\u00e9 de la Suisse, donc son r\u00f4le d&rsquo;interm\u00e9diaire \u00e0 l&rsquo;\u00e9tranger<\/li>\n<li>mettre l&rsquo;accent sur la Suisse, l&rsquo;\u00e9conomie suisse et la protection des citoyens suisses dans le pays et \u00e0 l&rsquo;\u00e9tranger<\/li>\n<li>emp\u00eacher l&rsquo;adh\u00e9sion insidieuse \u00e0 l&rsquo;UE ainsi que des accords institutionnels contraignant la Suisse \u00e0 reprendre automatiquement du droit \u00e9tranger et d&rsquo;accepter des juges \u00e9trangers<\/li>\n<li>garantir la neutralit\u00e9 gr\u00e2ce \u00e0 une arm\u00e9e de milice bien form\u00e9e et moderne<\/li>\n<\/ul>\n<p>&nbsp;<\/p>\n<h3>Politique claire \u00e0 l&rsquo;\u00e9gard des \u00e9trangers<\/h3>\n<p>Devise: <strong>il appartient aux immigrants de veiller \u00e0 leur int\u00e9gration <\/strong><\/p>\n<p>Les Suisses de l&rsquo;\u00e9tranger savent ce que c&rsquo;est que d&rsquo;\u00eatre un \u00e9tranger. Ils font eux-m\u00eames l&rsquo;effort de s&rsquo;int\u00e9grer et respectent les r\u00e8gles du pays h\u00f4te. Les Suisses de l&rsquo;\u00e9tranger qui ne peuvent assurer eux-m\u00eames leur subsistance, voire qui violent les lois s&rsquo;exposent \u00e0 un renvoi dans leur pays. Cette politique claire et nette \u00e0 l&rsquo;\u00e9gard des \u00e9trangers doit aussi s&rsquo;appliquer en Suisse.<\/p>\n<p>Les exigences de l&rsquo;UDC International:<\/p>\n<ul>\n<li>l&rsquo;int\u00e9gration doit \u00eatre exig\u00e9e des immigrants; les cours d&rsquo;int\u00e9gration propos\u00e9s par l&rsquo;Etat sont aussi chers qu&rsquo;inutiles<\/li>\n<li>l&rsquo;initiative sur le renvoi approuv\u00e9e par le souverain doit \u00eatre rigoureusement appliqu\u00e9e \u2013 les immigrants qui ne respectent pas le droit suisse doivent quitter le pays<\/li>\n<li>la Suisse doit g\u00e9rer de mani\u00e8re autonome l&rsquo;immigration sur son territoire en appliquant rapidement l&rsquo;initiative \u00ab\u00a0contre l&rsquo;immigration de masse\u00a0\u00bb accept\u00e9e par le peuple<\/li>\n<li>le droit d&rsquo;\u00e9lection et d&rsquo;\u00e9ligibilit\u00e9 est r\u00e9serv\u00e9 aux citoyennes et citoyens suisses.<\/li>\n<\/ul>\n","protected":false},"excerpt":{"rendered":"<p>Voici les engagements de l&rsquo;UDC International durant la l\u00e9gislature 2015-2019: garantir la s\u00e9curit\u00e9 financi\u00e8re des Suisses assurer un suivi consulaire suffisant adopter une vision internationale au lieu de se subordonner \u00e0 l&rsquo;UE sauvegarder l&rsquo;ind\u00e9pendance et la neutralit\u00e9 de la Suisse mener une politique claire \u00e0 l&rsquo;\u00e9gard des \u00e9trangers &nbsp; Garantir la s\u00e9curit\u00e9 financi\u00e8re Devise: \u00e0 [&hellip;]<\/p>\n","protected":false},"author":22,"featured_media":0,"parent":162,"menu_order":0,"comment_status":"closed","ping_status":"closed","template":"","meta":{"footnotes":""},"class_list":["post-12","page","type-page","status-publish","hentry"],"_links":{"self":[{"href":"https:\/\/www.svp-international.ch\/fr\/wp-json\/wp\/v2\/pages\/12","targetHints":{"allow":["GET"]}}],"collection":[{"href":"https:\/\/www.svp-international.ch\/fr\/wp-json\/wp\/v2\/pages"}],"about":[{"href":"https:\/\/www.svp-international.ch\/fr\/wp-json\/wp\/v2\/types\/page"}],"author":[{"embeddable":true,"href":"https:\/\/www.svp-international.ch\/fr\/wp-json\/wp\/v2\/users\/22"}],"replies":[{"embeddable":true,"href":"https:\/\/www.svp-international.ch\/fr\/wp-json\/wp\/v2\/comments?post=12"}],"version-history":[{"count":5,"href":"https:\/\/www.svp-international.ch\/fr\/wp-json\/wp\/v2\/pages\/12\/revisions"}],"predecessor-version":[{"id":754,"href":"https:\/\/www.svp-international.ch\/fr\/wp-json\/wp\/v2\/pages\/12\/revisions\/754"}],"up":[{"embeddable":true,"href":"https:\/\/www.svp-international.ch\/fr\/wp-json\/wp\/v2\/pages\/162"}],"wp:attachment":[{"href":"https:\/\/www.svp-international.ch\/fr\/wp-json\/wp\/v2\/media?parent=12"}],"curies":[{"name":"wp","href":"https:\/\/api.w.org\/{rel}","templated":true}]}}