{"id":16,"date":"2019-03-15T15:37:04","date_gmt":"2019-03-15T14:37:04","guid":{"rendered":"http:\/\/yyqrzwwvyb.cyon.link\/?page_id=16"},"modified":"2019-06-21T15:41:54","modified_gmt":"2019-06-21T13:41:54","slug":"programme-du-parti","status":"publish","type":"page","link":"https:\/\/www.svp-international.ch\/fr\/portrait\/objectifs\/programme-du-parti\/","title":{"rendered":"Programme du parti"},"content":{"rendered":"<div id=\"pl-16\"  class=\"panel-layout\" ><div id=\"pg-16-0\"  class=\"panel-grid panel-has-style\" ><div data-iw-animation-delay=\"\" data-iw-animation-position=\"\" class=\"panel-row-style panel-row-style-for-16-0\" ><div id=\"pgc-16-0-0\"  class=\"panel-grid-cell\" ><div id=\"panel-16-0-0-0\" class=\"so-panel widget widget_sow-editor panel-first-child panel-last-child\" data-index=\"0\" ><div data-iw-animation-delay=\"\" data-iw-animation-position=\"\" class=\"panel-widget-style panel-widget-style-for-16-0-0-0\" ><div\n\t\t\t\n\t\t\tclass=\"so-widget-sow-editor so-widget-sow-editor-base\"\n\t\t\t\n\t\t>\n<div class=\"siteorigin-widget-tinymce textwidget\">\n\t<p>Intitul\u00e9 \"Libert\u00e9 et s\u00e9curit\u00e9. Je le veux - Je le vote.\", le programme du parti de l'Union D\u00e9mocratique du Centre documente les positions et revendications politiques de l'UDC. Vous y trouverez les positions de l'UDC sur tous les domaines importants de politique f\u00e9d\u00e9rale.<\/p>\n<\/div>\n<\/div><\/div><\/div><\/div><\/div><\/div><div id=\"pg-16-1\"  class=\"panel-grid panel-has-style\" ><div data-iw-animation-delay=\"\" data-iw-animation-position=\"\" class=\"panel-row-style panel-row-style-for-16-1\" ><div id=\"pgc-16-1-0\"  class=\"panel-grid-cell\" ><div id=\"panel-16-1-0-0\" class=\"so-panel widget widget_sow-image panel-first-child panel-last-child\" data-index=\"1\" ><div data-iw-animation-delay=\"\" data-iw-animation-position=\"\" class=\"panel-widget-style panel-widget-style-for-16-1-0-0\" ><div\n\t\t\t\n\t\t\tclass=\"so-widget-sow-image so-widget-sow-image-default-c67d20f9f743-16\"\n\t\t\t\n\t\t>\n\n<div class=\"sow-image-container\">\n\t\t\t<a href=\"https:\/\/www.svp-international.ch\/fr\/wp-content\/uploads\/sites\/30\/Parteiprogramm_FR_19_23_190409.pdf\"\n\t\t\t\t\t>\n\t\t\t<img loading=\"lazy\" decoding=\"async\" src=\"https:\/\/www.svp-international.ch\/fr\/wp-content\/uploads\/sites\/30\/Parteiprogramm-FR-Cover-2019-2023.jpg\" width=\"1311\" height=\"912\" srcset=\"https:\/\/www.svp-international.ch\/fr\/wp-content\/uploads\/sites\/30\/Parteiprogramm-FR-Cover-2019-2023.jpg 1311w, https:\/\/www.svp-international.ch\/fr\/wp-content\/uploads\/sites\/30\/Parteiprogramm-FR-Cover-2019-2023-720x501.jpg 720w, https:\/\/www.svp-international.ch\/fr\/wp-content\/uploads\/sites\/30\/Parteiprogramm-FR-Cover-2019-2023-1035x720.jpg 1035w\" sizes=\"auto, (max-width: 1311px) 100vw, 1311px\" title=\"Parteiprogramm FR Cover 2019-2023\" alt=\"\" \t\tclass=\"so-widget-image\"\/>\n\t<\/a><\/div>\n\n<\/div><\/div><\/div><\/div><div id=\"pgc-16-1-1\"  class=\"panel-grid-cell\" ><div id=\"panel-16-1-1-0\" class=\"so-panel widget widget_sow-editor panel-first-child panel-last-child\" data-index=\"2\" ><div data-iw-animation-delay=\"\" data-iw-animation-position=\"\" class=\"panel-widget-style panel-widget-style-for-16-1-1-0\" ><div\n\t\t\t\n\t\t\tclass=\"so-widget-sow-editor so-widget-sow-editor-base\"\n\t\t\t\n\t\t>\n<div class=\"siteorigin-widget-tinymce textwidget\">\n\t<p>T\u00e9l\u00e9charger le programme du parti:<\/p>\n<ul>\n<li><a href=\"https:\/\/www.svp-international.ch\/fr\/wp-content\/uploads\/sites\/30\/Parteiprogramm_FR_19_23_190409.pdf\">Programme du parti en fran\u00e7ais<\/a><\/li>\n<li><a href=\"https:\/\/www.svp-international.ch\/fr\/wp-content\/uploads\/sites\/30\/Parteiprogramm_DE_19_23_190402.pdf\">Programme du parti en allemand<\/a><\/li>\n<li><a href=\"https:\/\/www.svp-international.ch\/fr\/wp-content\/uploads\/sites\/30\/Parteiprogramm_IT_19_23_190402.pdf\">Programme du parti en italien<\/a><\/li>\n<\/ul>\n<\/div>\n<\/div><\/div><\/div><\/div><\/div><\/div><\/div>","protected":false},"excerpt":{"rendered":"<p>Intitul\u00e9 \u00ab\u00a0Libert\u00e9 et s\u00e9curit\u00e9. Je le veux &#8211; Je le vote.\u00a0\u00bb, le programme du parti de l&rsquo;Union D\u00e9mocratique du Centre documente les positions et revendications politiques de l&rsquo;UDC. Vous y trouverez les positions de l&rsquo;UDC sur tous les domaines importants de politique f\u00e9d\u00e9rale. T\u00e9l\u00e9charger le programme du parti: Programme du parti en fran\u00e7ais Programme du [&hellip;]<\/p>\n","protected":false},"author":22,"featured_media":0,"parent":162,"menu_order":0,"comment_status":"closed","ping_status":"closed","template":"","meta":{"footnotes":""},"class_list":["post-16","page","type-page","status-publish","hentry"],"_links":{"self":[{"href":"https:\/\/www.svp-international.ch\/fr\/wp-json\/wp\/v2\/pages\/16","targetHints":{"allow":["GET"]}}],"collection":[{"href":"https:\/\/www.svp-international.ch\/fr\/wp-json\/wp\/v2\/pages"}],"about":[{"href":"https:\/\/www.svp-international.ch\/fr\/wp-json\/wp\/v2\/types\/page"}],"author":[{"embeddable":true,"href":"https:\/\/www.svp-international.ch\/fr\/wp-json\/wp\/v2\/users\/22"}],"replies":[{"embeddable":true,"href":"https:\/\/www.svp-international.ch\/fr\/wp-json\/wp\/v2\/comments?post=16"}],"version-history":[{"count":16,"href":"https:\/\/www.svp-international.ch\/fr\/wp-json\/wp\/v2\/pages\/16\/revisions"}],"predecessor-version":[{"id":764,"href":"https:\/\/www.svp-international.ch\/fr\/wp-json\/wp\/v2\/pages\/16\/revisions\/764"}],"up":[{"embeddable":true,"href":"https:\/\/www.svp-international.ch\/fr\/wp-json\/wp\/v2\/pages\/162"}],"wp:attachment":[{"href":"https:\/\/www.svp-international.ch\/fr\/wp-json\/wp\/v2\/media?parent=16"}],"curies":[{"name":"wp","href":"https:\/\/api.w.org\/{rel}","templated":true}]}}