{"id":2,"date":"2019-01-21T14:42:35","date_gmt":"2019-01-21T13:42:35","guid":{"rendered":"http:\/\/seaiosvp.cyon.link\/international\/?page_id=2"},"modified":"2025-04-24T09:24:49","modified_gmt":"2025-04-24T07:24:49","slug":"beispiel-seite","status":"publish","type":"page","link":"https:\/\/www.svp-international.ch\/fr\/","title":{"rendered":"Home"},"content":{"rendered":"<h1><strong>UDC International<\/strong><\/h1>\n<p><strong>L&rsquo;UDC International tend \u00e0 encourager les int\u00e9r\u00eats des citoyens et citoyennes suisses r\u00e9sidant \u00e0 l&rsquo;\u00c9tranger et se sentant proches des principes de l&rsquo;Union D\u00e9mocratique du Centre. La section favorise le contact entre les citoyennes et citoyens suisses de l&rsquo;\u00c9tranger et l&rsquo;UDC. Elle diffuse l&rsquo;image de l&rsquo;Union D\u00e9mocratique du Centre aupr\u00e8s des Suissesses et Suisses de l&rsquo;\u00c9tranger, et les soutient dans l&rsquo;exercice de leurs droits politiques.<\/strong><\/p>\n<p>&nbsp;<\/p>\n<h2>Ce qui motive les membres du Comit\u00e9:<\/h2>\n<p>Membre de Comit\u00e9, Nicolas Szita, Londres:<\/p>\n<div style=\"width: 1280px;\" class=\"wp-video\"><!--[if lt IE 9]><script>document.createElement('video');<\/script><![endif]-->\n<video class=\"wp-video-shortcode\" id=\"video-2-1\" width=\"1280\" height=\"720\" preload=\"metadata\" controls=\"controls\"><source type=\"video\/mp4\" src=\"https:\/\/www.svp-international.ch\/de\/wp-content\/uploads\/sites\/27\/Nicolas-Szita-at-OSA-congress_ENG.mp4?_=1\" \/><a href=\"https:\/\/www.svp-international.ch\/de\/wp-content\/uploads\/sites\/27\/Nicolas-Szita-at-OSA-congress_ENG.mp4\">https:\/\/www.svp-international.ch\/de\/wp-content\/uploads\/sites\/27\/Nicolas-Szita-at-OSA-congress_ENG.mp4<\/a><\/video><\/div>\n<p>&nbsp;<\/p>\n<h2>Nos sections et contacts <span class=\"tlid-translation translation\" lang=\"fr\"><span class=\"\" title=\"\">\u00e0 l&rsquo;\u00e9tranger<\/span><\/span>:<\/h2>\n<p><section class=\"tm-mosaic-2col\">\n    <div class=\"uk-width-1-1\">\n                <div class=\"uk-panel uk-panel-box widget_text size11 tile-box tile-box-bgGreen\" style=\"padding: 0;\">\n                <div class=\"tile-bgimage\" style=\"background-image:url('https:\/\/www.svp-international.ch\/fr\/wp-content\/uploads\/sites\/30\/Sektion-Costa-Rica.png');\"><\/div>\n                <div class=\"tile-bg\" style=\"background: rgba(124, 179, 9, 0.85);\"><\/div>\n                \n<div class=\"c2aContent \">\n    <article class=\"uk-article c2a-article\">\n                        <div class=\"c2a-title uk-margin-small-bottom uk-article-title uk-text-break\" style=\"\">\n                        <a href=\"https:\/\/www.svp-international.ch\/fr\/portrait\/sections\/costa-rica\/\" target=\"_self\" style=\"\">Costa Rica<\/a>\n                    <\/div>\n                    <\/article>\n\n        <div class=\"c2a-link\" style=\"z-index: 6;\">\n        <a target=\"_self\" style=\"margin: 10px 10px 0 0;\" class=\"c2a-button uk-button  uk-button-inverted\" href=\"https:\/\/www.svp-international.ch\/fr\/portrait\/sections\/costa-rica\/\">Plus d'informations<\/a>    <\/div>\n    <\/div>\n\n\n            <\/div>\n                        <div class=\"uk-panel uk-panel-box widget_text size11 tile-box tile-box-bgGreen\" style=\"padding: 0;\">\n                <div class=\"tile-bgimage\" style=\"background-image:url('https:\/\/www.svp-international.ch\/fr\/wp-content\/uploads\/sites\/30\/Sektion-Elfenbeink\u00fcste.png');\"><\/div>\n                <div class=\"tile-bg\" style=\"background: rgba(124, 179, 9, 0.85);\"><\/div>\n                \n<div class=\"c2aContent \">\n    <article class=\"uk-article c2a-article\">\n                        <div class=\"c2a-title uk-margin-small-bottom uk-article-title uk-text-break\" style=\"\">\n                        <a href=\"https:\/\/www.svp-international.ch\/fr\/portrait\/sections\/cote-divoire\/\" target=\"_self\" style=\"\">C\u00f4te d\u2019Ivoire<\/a>\n                    <\/div>\n                    <\/article>\n\n        <div class=\"c2a-link\" style=\"z-index: 6;\">\n        <a target=\"_self\" style=\"margin: 10px 10px 0 0;\" class=\"c2a-button uk-button  uk-button-inverted\" href=\"https:\/\/www.svp-international.ch\/fr\/portrait\/sections\/cote-divoire\/\">Plus d'informations<\/a>    <\/div>\n    <\/div>\n\n\n            <\/div>\n                        <div class=\"uk-panel uk-panel-box widget_text size11 tile-box tile-box-bgGreen\" style=\"padding: 0;\">\n                <div class=\"tile-bgimage\" style=\"background-image:url('https:\/\/www.svp-international.ch\/fr\/wp-content\/uploads\/sites\/30\/Sektion-S\u00fcdafrika.png');\"><\/div>\n                <div class=\"tile-bg\" style=\"background: rgba(124, 179, 9, 0.85);\"><\/div>\n                \n<div class=\"c2aContent \">\n    <article class=\"uk-article c2a-article\">\n                        <div class=\"c2a-title uk-margin-small-bottom uk-article-title uk-text-break\" style=\"\">\n                        <a href=\"https:\/\/www.svp-international.ch\/fr\/portrait\/sections\/afrique-du-sud\/\" target=\"_self\" style=\"\">Afrique du Sud<\/a>\n                    <\/div>\n                    <\/article>\n\n        <div class=\"c2a-link\" style=\"z-index: 6;\">\n        <a target=\"_self\" style=\"margin: 10px 10px 0 0;\" class=\"c2a-button uk-button  uk-button-inverted\" href=\"https:\/\/www.svp-international.ch\/fr\/portrait\/sections\/afrique-du-sud\/\">Plus d'informations<\/a>    <\/div>\n    <\/div>\n\n\n            <\/div>\n                        <div class=\"uk-panel uk-panel-box widget_text size11 tile-box tile-box-bgGreen\" style=\"padding: 0;\">\n                <div class=\"tile-bgimage\" style=\"background-image:url('https:\/\/www.svp-international.ch\/fr\/wp-content\/uploads\/sites\/30\/Kontakt-Liechtenstein.png');\"><\/div>\n                <div class=\"tile-bg\" style=\"background: rgba(124, 179, 9, 0.85);\"><\/div>\n                \n<div class=\"c2aContent \">\n    <article class=\"uk-article c2a-article\">\n                        <div class=\"c2a-title uk-margin-small-bottom uk-article-title uk-text-break\" style=\"\">\n                        <a href=\"https:\/\/www.svp-international.ch\/fr\/portrait\/pays-contacts\/liechtenstein\/\" target=\"_self\" style=\"\">Liechtenstein<\/a>\n                    <\/div>\n                    <\/article>\n\n        <div class=\"c2a-link\" style=\"z-index: 6;\">\n        <a target=\"_self\" style=\"margin: 10px 10px 0 0;\" class=\"c2a-button uk-button  uk-button-inverted\" href=\"https:\/\/www.svp-international.ch\/fr\/portrait\/pays-contacts\/liechtenstein\/\">Plus d'informations<\/a>    <\/div>\n    <\/div>\n\n\n            <\/div>\n                        <div class=\"uk-panel uk-panel-box widget_text size11 tile-box tile-box-bgGreen\" style=\"padding: 0;\">\n                <div class=\"tile-bgimage\" style=\"background-image:url('https:\/\/www.svp-international.ch\/fr\/wp-content\/uploads\/sites\/30\/Kontakt-Norwegen.png');\"><\/div>\n                <div class=\"tile-bg\" style=\"background: rgba(124, 179, 9, 0.85);\"><\/div>\n                \n<div class=\"c2aContent \">\n    <article class=\"uk-article c2a-article\">\n                        <div class=\"c2a-title uk-margin-small-bottom uk-article-title uk-text-break\" style=\"\">\n                        <a href=\"https:\/\/www.svp-international.ch\/fr\/portrait\/pays-contacts\/norvege\/\" target=\"_self\" style=\"\">Norv\u00e8ge<\/a>\n                    <\/div>\n                    <\/article>\n\n        <div class=\"c2a-link\" style=\"z-index: 6;\">\n        <a target=\"_self\" style=\"margin: 10px 10px 0 0;\" class=\"c2a-button uk-button  uk-button-inverted\" href=\"https:\/\/www.svp-international.ch\/fr\/portrait\/pays-contacts\/norvege\/\">Plus d'informations<\/a>    <\/div>\n    <\/div>\n\n\n            <\/div>\n                        <div class=\"uk-panel uk-panel-box widget_text size11 tile-box tile-box-bgGreen\" style=\"padding: 0;\">\n                <div class=\"tile-bgimage\" style=\"background-image:url('https:\/\/www.svp-international.ch\/fr\/wp-content\/uploads\/sites\/30\/Kontakt-England.png');\"><\/div>\n                <div class=\"tile-bg\" style=\"background: rgba(124, 179, 9, 0.85);\"><\/div>\n                \n<div class=\"c2aContent \">\n    <article class=\"uk-article c2a-article\">\n                        <div class=\"c2a-title uk-margin-small-bottom uk-article-title uk-text-break\" style=\"\">\n                        <a href=\"https:\/\/www.svp-international.ch\/fr\/portrait\/pays-contacts\/angleterre\/\" target=\"_self\" style=\"\">Angleterre<\/a>\n                    <\/div>\n                    <\/article>\n\n        <div class=\"c2a-link\" style=\"z-index: 6;\">\n        <a target=\"_self\" style=\"margin: 10px 10px 0 0;\" class=\"c2a-button uk-button  uk-button-inverted\" href=\"https:\/\/www.svp-international.ch\/fr\/portrait\/pays-contacts\/angleterre\/\">Plus d'informations<\/a>    <\/div>\n    <\/div>\n\n\n            <\/div>\n                        <div class=\"uk-panel uk-panel-box widget_text size11 tile-box tile-box-bgGreen\" style=\"padding: 0;\">\n                <div class=\"tile-bgimage\" style=\"background-image:url('https:\/\/www.svp-international.ch\/fr\/wp-content\/uploads\/sites\/30\/Kontakt-Ungarn.png');\"><\/div>\n                <div class=\"tile-bg\" style=\"background: rgba(124, 179, 9, 0.85);\"><\/div>\n                \n<div class=\"c2aContent \">\n    <article class=\"uk-article c2a-article\">\n                        <div class=\"c2a-title uk-margin-small-bottom uk-article-title uk-text-break\" style=\"\">\n                        <a href=\"https:\/\/www.svp-international.ch\/fr\/portrait\/pays-contacts\/hongrie\/\" target=\"_self\" style=\"\">Hongrie<\/a>\n                    <\/div>\n                    <\/article>\n\n        <div class=\"c2a-link\" style=\"z-index: 6;\">\n        <a target=\"_self\" style=\"margin: 10px 10px 0 0;\" class=\"c2a-button uk-button  uk-button-inverted\" href=\"https:\/\/www.svp-international.ch\/fr\/portrait\/pays-contacts\/hongrie\/\">Plus d'informations<\/a>    <\/div>\n    <\/div>\n\n\n            <\/div>\n                        <div class=\"uk-panel uk-panel-box widget_text size11 tile-box tile-box-bgGreen\" style=\"padding: 0;\">\n                <div class=\"tile-bgimage\" style=\"background-image:url('');\"><\/div>\n                <div class=\"tile-bg\" style=\"background: rgba(124, 179, 9, 1);\"><\/div>\n                \n<div class=\"c2aContent \">\n    <article class=\"uk-article c2a-article\">\n                        <div class=\"c2a-title uk-margin-small-bottom uk-article-title uk-text-break\" style=\"\">\n                        <a href=\"https:\/\/www.svp-international.ch\/fr\/portrait\/sections\/fonder-une-section\/\" target=\"_self\" style=\"\">Fonder une section<\/a>\n                    <\/div>\n                        <div class=\"c2a-text\" style=\"\">\n                        <a href=\"https:\/\/www.svp-international.ch\/fr\/portrait\/sections\/fonder-une-section\/\" target=\"_self\" style=\"\">\n                Vous \u00eates int\u00e9ress\u00e9 de fonder une section? N'h\u00e9sitez pas de vous adresser \u00e0 nous!\r\n            <\/a>\n                    <\/div>\n            <\/article>\n\n        <div class=\"c2a-link\" style=\"z-index: 6;\">\n        <a target=\"_self\" style=\"margin: 10px 10px 0 0;\" class=\"c2a-button uk-button  uk-button-inverted\" href=\"https:\/\/www.svp-international.ch\/fr\/portrait\/sections\/fonder-une-section\/\">Plus d'informations<\/a>    <\/div>\n    <\/div>\n\n\n            <\/div>\n                <\/div>\n<\/section>\n<br \/>\n<label><\/label><\/p>\n","protected":false},"excerpt":{"rendered":"<p>UDC International L&rsquo;UDC International tend \u00e0 encourager les int\u00e9r\u00eats des citoyens et citoyennes suisses r\u00e9sidant \u00e0 l&rsquo;\u00c9tranger et se sentant proches des principes de l&rsquo;Union D\u00e9mocratique du Centre. La section favorise le contact entre les citoyennes et citoyens suisses de l&rsquo;\u00c9tranger et l&rsquo;UDC. Elle diffuse l&rsquo;image de l&rsquo;Union D\u00e9mocratique du Centre aupr\u00e8s des Suissesses et [&hellip;]<\/p>\n","protected":false},"author":1,"featured_media":0,"parent":0,"menu_order":0,"comment_status":"closed","ping_status":"open","template":"page-home.php","meta":{"footnotes":""},"class_list":["post-2","page","type-page","status-publish","hentry"],"_links":{"self":[{"href":"https:\/\/www.svp-international.ch\/fr\/wp-json\/wp\/v2\/pages\/2","targetHints":{"allow":["GET"]}}],"collection":[{"href":"https:\/\/www.svp-international.ch\/fr\/wp-json\/wp\/v2\/pages"}],"about":[{"href":"https:\/\/www.svp-international.ch\/fr\/wp-json\/wp\/v2\/types\/page"}],"author":[{"embeddable":true,"href":"https:\/\/www.svp-international.ch\/fr\/wp-json\/wp\/v2\/users\/1"}],"replies":[{"embeddable":true,"href":"https:\/\/www.svp-international.ch\/fr\/wp-json\/wp\/v2\/comments?post=2"}],"version-history":[{"count":15,"href":"https:\/\/www.svp-international.ch\/fr\/wp-json\/wp\/v2\/pages\/2\/revisions"}],"predecessor-version":[{"id":1028,"href":"https:\/\/www.svp-international.ch\/fr\/wp-json\/wp\/v2\/pages\/2\/revisions\/1028"}],"wp:attachment":[{"href":"https:\/\/www.svp-international.ch\/fr\/wp-json\/wp\/v2\/media?parent=2"}],"curies":[{"name":"wp","href":"https:\/\/api.w.org\/{rel}","templated":true}]}}