{"id":32,"date":"2019-03-15T15:44:51","date_gmt":"2019-03-15T14:44:51","guid":{"rendered":"http:\/\/yyqrzwwvyb.cyon.link\/?page_id=32"},"modified":"2019-06-21T16:52:11","modified_gmt":"2019-06-21T14:52:11","slug":"fonder-une-section","status":"publish","type":"page","link":"https:\/\/www.svp-international.ch\/fr\/portrait\/sections\/fonder-une-section\/","title":{"rendered":"Fonder une section"},"content":{"rendered":"<p>L&rsquo;UDC International souhaite fonder des sections dans le monde entier. Pour r\u00e9aliser cet objectif, nous avons besoin avant tout de votre collaboration. Vous trouverez sur ce site les documents n\u00e9cessaires \u00e0 la fondation d&rsquo;une section.<\/p>\n<p>Dans tous les cas, nous vous prions de\u00a0<strong>conserver le contact avec nous<\/strong>\u00a0afin de nous permettre d\u2019accompagner la fondation de la section. L\u2019officialit\u00e9 de la section est reconnue seulement de cette mani\u00e8re.<\/p>\n<p><strong>Voici ce dont vous avez besoin pour fonder une section:<\/strong><\/p>\n<ul>\n<li>des personnes int\u00e9ress\u00e9es qui partagent les id\u00e9es politiques de l&rsquo;UDC<\/li>\n<li>un local \u00e0 votre proximit\u00e9 pour tenir les s\u00e9ances et d&rsquo;autres manifestations<\/li>\n<li>du temps et la\u00a0volont\u00e9 de s&rsquo;engager pour le bien de la Suisse<\/li>\n<\/ul>\n<p><strong>Voici ce que nous mettons \u00e0 votre disposition:<\/strong><br \/>\n<a href=\"https:\/\/www.svp-international.ch\/fr\/wp-content\/uploads\/sites\/30\/Entwurf_Statuten_Landessektionen_frz.doc\" target=\"_blank\" rel=\"noopener\">un projet de statuts pour votre section\u00a0<\/a><br \/>\n<a href=\"https:\/\/www.svp-international.ch\/fr\/wp-content\/uploads\/sites\/30\/Beitrittsgesuch_SVP-International_Sektionen_frz.doc\" target=\"_blank\" rel=\"noopener\">un mod\u00e8le de formule d&rsquo;adh\u00e9sion<\/a><br \/>\n<a href=\"https:\/\/www.svp-international.ch\/fr\/wp-content\/uploads\/sites\/30\/Vorlage_Protokoll_frz.doc\" target=\"_blank\" rel=\"noopener\">un mod\u00e8le de proc\u00e8s-verbal d&rsquo;une s\u00e9ance<\/a><br \/>\n<a href=\"https:\/\/www.svp-international.ch\/fr\/wp-content\/uploads\/sites\/30\/UDC_international_FR_Logo.jpg\" target=\"_blank\" rel=\"noopener\">le logo d&rsquo;UDC International\u00a0<\/a><br \/>\n<a href=\"https:\/\/www.svp-international.ch\/fr\/wp-content\/uploads\/sites\/30\/flyer_svp_international_fr.pdf\" target=\"_blank\" rel=\"noopener\">le d\u00e9pliant d&rsquo;UDC International<\/a><\/p>\n<p>Vous pouvez commander chez nous les d\u00e9pliants UDC International ou du mat\u00e9riel de vote.<\/p>\n<p><strong>Si vous avez des questions, n&rsquo;h\u00e9sitez pas de vous adresser \u00e0 nous!<\/strong><\/p>\n","protected":false},"excerpt":{"rendered":"<p>L&rsquo;UDC International souhaite fonder des sections dans le monde entier. Pour r\u00e9aliser cet objectif, nous avons besoin avant tout de votre collaboration. Vous trouverez sur ce site les documents n\u00e9cessaires \u00e0 la fondation d&rsquo;une section. Dans tous les cas, nous vous prions de\u00a0conserver le contact avec nous\u00a0afin de nous permettre d\u2019accompagner la fondation de la [&hellip;]<\/p>\n","protected":false},"author":22,"featured_media":0,"parent":22,"menu_order":0,"comment_status":"closed","ping_status":"closed","template":"","meta":{"footnotes":""},"class_list":["post-32","page","type-page","status-publish","hentry"],"_links":{"self":[{"href":"https:\/\/www.svp-international.ch\/fr\/wp-json\/wp\/v2\/pages\/32","targetHints":{"allow":["GET"]}}],"collection":[{"href":"https:\/\/www.svp-international.ch\/fr\/wp-json\/wp\/v2\/pages"}],"about":[{"href":"https:\/\/www.svp-international.ch\/fr\/wp-json\/wp\/v2\/types\/page"}],"author":[{"embeddable":true,"href":"https:\/\/www.svp-international.ch\/fr\/wp-json\/wp\/v2\/users\/22"}],"replies":[{"embeddable":true,"href":"https:\/\/www.svp-international.ch\/fr\/wp-json\/wp\/v2\/comments?post=32"}],"version-history":[{"count":5,"href":"https:\/\/www.svp-international.ch\/fr\/wp-json\/wp\/v2\/pages\/32\/revisions"}],"predecessor-version":[{"id":793,"href":"https:\/\/www.svp-international.ch\/fr\/wp-json\/wp\/v2\/pages\/32\/revisions\/793"}],"up":[{"embeddable":true,"href":"https:\/\/www.svp-international.ch\/fr\/wp-json\/wp\/v2\/pages\/22"}],"wp:attachment":[{"href":"https:\/\/www.svp-international.ch\/fr\/wp-json\/wp\/v2\/media?parent=32"}],"curies":[{"name":"wp","href":"https:\/\/api.w.org\/{rel}","templated":true}]}}