{"id":51,"date":"2019-03-15T16:02:15","date_gmt":"2019-03-15T15:02:15","guid":{"rendered":"http:\/\/yyqrzwwvyb.cyon.link\/?page_id=51"},"modified":"2019-07-26T10:23:21","modified_gmt":"2019-07-26T08:23:21","slug":"payer-cotisation","status":"publish","type":"page","link":"https:\/\/www.svp-international.ch\/fr\/devenir-membre\/membres\/payer-cotisation\/","title":{"rendered":"Payer cotisation"},"content":{"rendered":"<p>Vous pouvez payer votre cotisation sur notre compte postal, par Paypal ou avec votre carte de cr\u00e9dit.<br \/>\nLa cotisation se monte \u00e0:<\/p>\n<p>&nbsp;<\/p>\n<ul>\n<li><strong>membre domicili\u00e9 \u00e0 l&rsquo;\u00e9tranger: CHF 30.00<\/strong><\/li>\n<li><strong>membre domicili\u00e9 en Suisse: CHF 50.00<\/strong><\/li>\n<\/ul>\n<p>&nbsp;<\/p>\n<p>Nous enregistrons tous les paiements au-dessus comme don.<\/p>\n<h1>Paiement sur le compte postal:<\/h1>\n<pre><strong>UDC INTERNATIONAL \r\nBr\u00fcckfeldstrasse 18 \r\nPostfach 8252 \r\nCH-3001  Bern \r\n\r\nPC-Konto: 30-28639-7 \r\nIBAN: CH 24 0900 0000 3002 8639 7 \r\nBIC:  POFICHBEXXX \r\n\r\n<\/strong><\/pre>\n<h1>Paiement avec carte de cr\u00e9dit ou Paypal:<\/h1>\n<p>Pour payer ins\u00e9rez le montant de votre choix et cliquez sur \u00ab\u00a0Payer\u00a0\u00bb:<\/p>\n<p><label><span id=\"result_box\" class=\"short_text\" lang=\"fr\"><span class=\"hps\">Saisissez le montant<\/span><\/span><\/label><\/p>\n<form action=\"https:\/\/www.paypal.com\/cgi-bin\/webscr\" method=\"post\" name=\"nicepaypalbtn\" target=\"_self\"><\/form>\n<p>&nbsp;<\/p>\n<form action=\"https:\/\/www.paypal.com\/cgi-bin\/webscr\" method=\"post\" name=\"nicepaypalbtn\" target=\"_self\"><em>(Bezahlungsformular fehlt noch)<\/em><\/p>\n<\/form>\n","protected":false},"excerpt":{"rendered":"<p>Vous pouvez payer votre cotisation sur notre compte postal, par Paypal ou avec votre carte de cr\u00e9dit. La cotisation se monte \u00e0: &nbsp; membre domicili\u00e9 \u00e0 l&rsquo;\u00e9tranger: CHF 30.00 membre domicili\u00e9 en Suisse: CHF 50.00 &nbsp; Nous enregistrons tous les paiements au-dessus comme don. Paiement sur le compte postal: UDC INTERNATIONAL Br\u00fcckfeldstrasse 18 Postfach 8252 [&hellip;]<\/p>\n","protected":false},"author":22,"featured_media":0,"parent":165,"menu_order":0,"comment_status":"closed","ping_status":"closed","template":"","meta":{"footnotes":""},"class_list":["post-51","page","type-page","status-publish","hentry"],"_links":{"self":[{"href":"https:\/\/www.svp-international.ch\/fr\/wp-json\/wp\/v2\/pages\/51","targetHints":{"allow":["GET"]}}],"collection":[{"href":"https:\/\/www.svp-international.ch\/fr\/wp-json\/wp\/v2\/pages"}],"about":[{"href":"https:\/\/www.svp-international.ch\/fr\/wp-json\/wp\/v2\/types\/page"}],"author":[{"embeddable":true,"href":"https:\/\/www.svp-international.ch\/fr\/wp-json\/wp\/v2\/users\/22"}],"replies":[{"embeddable":true,"href":"https:\/\/www.svp-international.ch\/fr\/wp-json\/wp\/v2\/comments?post=51"}],"version-history":[{"count":5,"href":"https:\/\/www.svp-international.ch\/fr\/wp-json\/wp\/v2\/pages\/51\/revisions"}],"predecessor-version":[{"id":836,"href":"https:\/\/www.svp-international.ch\/fr\/wp-json\/wp\/v2\/pages\/51\/revisions\/836"}],"up":[{"embeddable":true,"href":"https:\/\/www.svp-international.ch\/fr\/wp-json\/wp\/v2\/pages\/165"}],"wp:attachment":[{"href":"https:\/\/www.svp-international.ch\/fr\/wp-json\/wp\/v2\/media?parent=51"}],"curies":[{"name":"wp","href":"https:\/\/api.w.org\/{rel}","templated":true}]}}