{"id":59,"date":"2019-03-15T16:09:59","date_gmt":"2019-03-15T15:09:59","guid":{"rendered":"http:\/\/yyqrzwwvyb.cyon.link\/?page_id=59"},"modified":"2019-07-26T08:20:27","modified_gmt":"2019-07-26T06:20:27","slug":"regles-pour-voter","status":"publish","type":"page","link":"https:\/\/www.svp-international.ch\/fr\/votations-elections\/regles-pour-voter\/","title":{"rendered":"R\u00e8gles pour voter"},"content":{"rendered":"<p><strong>1. Inscription<\/strong><br \/>\nInscrivez-vous aupr\u00e8s de votre repr\u00e9sentation, soit personnellement, soit par poste en remplissant le formulaire \u201cRequ\u00eate pour l\u2019exercice du droit de vote pour les expatri\u00e9s\u201d. Choisissez la commune dans laquelle vous souhaitez exercer votre droit d\u2019\u00e9lire. Comme commune de vote, pour pouvez d\u00e9signer une de vos communes d\u2019origine ou une ancienne commune de domicile.\u00a0<a href=\"https:\/\/www.eda.admin.ch\/dam\/countries\/eda-all\/de\/asg-gesuch-ausuebung-politische-rechte_mehrsprachig.pdf\" target=\"_blank\" rel=\"noopener\">T\u00e9l\u00e9chargez le formulaire d\u2019inscription ici.<\/a><\/p>\n<p><strong>2. Mat\u00e9riel de vote<\/strong><br \/>\nAvant les \u00e9lections, cette commune vous enverra le mat\u00e9riel officiel de vote par la poste. Vous avez le droit de le demander dans l\u2019une des trois langues officielles de votre choix, m\u00eame si cette langue n\u2019est pas celle de votre commune de vote. Pr\u00e9cisez votre choix sur la formule d\u2019inscription.<\/p>\n<p><strong>3. Prendre la liste de l\u2019UDC<\/strong><br \/>\nUDC International a ses propres listes avec des Suisses de l\u2019\u00e9tranger dans plusieurs cantons. Dans les autres cantons, vous pouvez utiliser la liste principale de l\u2019UDC ou, lorsqu\u2019il y en a une, celle des jeunes UDC.<\/p>\n<p>Attention, vous n\u2019avez le droit d\u2019utiliser\u00a0qu\u2019une seule liste.<\/p>\n<p><strong>4. Si vous souhaitez modifier la liste, vous avez deux possibilit\u00e9s<\/strong><\/p>\n<p><strong>Cumuler<\/strong>\u00a0signifie inscrire deux fois le nom d\u2019un m\u00eame candidat sur la m\u00eame liste. Le cumul peut \u00eatre utilis\u00e9 pour plusieurs candidats, mais chaque candidat ne peut pas figurer plus de deux fois sur la liste.<\/p>\n<p><strong>Panacher<\/strong>\u00a0signifie tracer le nom d\u2019un candidat sur la liste de votre choix et le remplacer par le nom d\u2019un candidat figurant sur une autre liste. Il est possible de panacher et de cumuler en m\u00eame temps, et cela pour plusieurs noms.<br \/>\nMais attention: les candidats ajout\u00e9s par le biais du panachage affaiblissent le parti de la liste sur laquelle ils sont rajout\u00e9s.<\/p>\n<p><strong>5. Voter depuis l\u2019\u00e9tranger<\/strong><\/p>\n<p>Une fois votre bulletin rempli, mettez-le dans l\u2019enveloppe de vote pr\u00e9vue \u00e0 cet effet (un seul bullletin). Celle-ci doit \u00eatre ferm\u00e9e et gliss\u00e9e \u00e0 son tour, le cas \u00e9ch\u00e9ant avec la carte d\u2019\u00e9lecteur, dans l\u2019enveloppe d\u2019envoi. Vous devez alors affranchir vous-m\u00eame cette enveloppe et l\u2019envoyer \u00e0 votre commune de vote.<\/p>\n<p>Lisez attentivement les instructions de votre commune de vote concernant cette proc\u00e9dure.<\/p>\n<p>Soyez bien attentif au fait que la Conf\u00e9d\u00e9ration ne peut pas garantir le bon fonctionnement des postes \u00e9trang\u00e8res. C\u2019est donc vous qui assumez le risque d\u2019un retard dans l\u2019arriv\u00e9e du mat\u00e9riel de vote.<\/p>\n<p><strong>6. Voter en Suisse<\/strong><\/p>\n<p>Si vous vous trouvez en Suisse lors des \u00e9lections, vous pouvez soit d\u00e9poser personnellement votre bulletin dans l\u2019urne, soit voter par correspondance. Au cas o\u00f9 vous avez l\u2019intention de vous rendre vous-m\u00eame aux urnes, l\u2019annonce de votre s\u00e9jour en Suisse doit parvenir \u00e0 votre commune de vote au moins six semaines avant les \u00e9lections afin que la commune puisse pr\u00e9parer votre mat\u00e9riel de vote. Ce dernier peut \u00eatre retir\u00e9 pendant les heures d\u2019ouverture du bureau communal.<\/p>\n<p><strong>Voter UDC, c\u2019est voter pour la Suisse<\/strong>!<\/p>\n","protected":false},"excerpt":{"rendered":"<p>1. Inscription Inscrivez-vous aupr\u00e8s de votre repr\u00e9sentation, soit personnellement, soit par poste en remplissant le formulaire \u201cRequ\u00eate pour l\u2019exercice du droit de vote pour les expatri\u00e9s\u201d. Choisissez la commune dans laquelle vous souhaitez exercer votre droit d\u2019\u00e9lire. Comme commune de vote, pour pouvez d\u00e9signer une de vos communes d\u2019origine ou une ancienne commune de domicile.\u00a0T\u00e9l\u00e9chargez [&hellip;]<\/p>\n","protected":false},"author":22,"featured_media":0,"parent":57,"menu_order":0,"comment_status":"closed","ping_status":"closed","template":"","meta":{"footnotes":""},"class_list":["post-59","page","type-page","status-publish","hentry"],"_links":{"self":[{"href":"https:\/\/www.svp-international.ch\/fr\/wp-json\/wp\/v2\/pages\/59","targetHints":{"allow":["GET"]}}],"collection":[{"href":"https:\/\/www.svp-international.ch\/fr\/wp-json\/wp\/v2\/pages"}],"about":[{"href":"https:\/\/www.svp-international.ch\/fr\/wp-json\/wp\/v2\/types\/page"}],"author":[{"embeddable":true,"href":"https:\/\/www.svp-international.ch\/fr\/wp-json\/wp\/v2\/users\/22"}],"replies":[{"embeddable":true,"href":"https:\/\/www.svp-international.ch\/fr\/wp-json\/wp\/v2\/comments?post=59"}],"version-history":[{"count":7,"href":"https:\/\/www.svp-international.ch\/fr\/wp-json\/wp\/v2\/pages\/59\/revisions"}],"predecessor-version":[{"id":815,"href":"https:\/\/www.svp-international.ch\/fr\/wp-json\/wp\/v2\/pages\/59\/revisions\/815"}],"up":[{"embeddable":true,"href":"https:\/\/www.svp-international.ch\/fr\/wp-json\/wp\/v2\/pages\/57"}],"wp:attachment":[{"href":"https:\/\/www.svp-international.ch\/fr\/wp-json\/wp\/v2\/media?parent=59"}],"curies":[{"name":"wp","href":"https:\/\/api.w.org\/{rel}","templated":true}]}}