{"id":61,"date":"2019-03-15T16:10:58","date_gmt":"2019-03-15T15:10:58","guid":{"rendered":"http:\/\/yyqrzwwvyb.cyon.link\/?page_id=61"},"modified":"2019-07-26T08:26:26","modified_gmt":"2019-07-26T06:26:26","slug":"initiatives-et-referendums","status":"publish","type":"page","link":"https:\/\/www.svp-international.ch\/fr\/votations-elections\/initiatives-et-referendums\/","title":{"rendered":"Initiatives et r\u00e9f\u00e9rendums"},"content":{"rendered":"<p><strong>Droits politiques: signer une initiative populaire, un r\u00e9f\u00e9rendum ou une p\u00e9tition depuis l&rsquo;\u00e9tranger<\/p>\n<p><\/strong>Si, en tant que Suissesse ou Suisse, vous signez une\u00a0<strong>initiative populaire ou un r\u00e9f\u00e9rendum\u00a0<\/strong>\u00e0 l&rsquo;\u00e9tranger, vous indiquez \u00e0 la rubrique \u00ab\u00a0adresse\u00a0\u00bb de la feuille de signatures votre adresse actuelle \u00e0 l&rsquo;\u00e9tranger. Mais n&rsquo;oubliez pas de mentionner aux rubriques \u00ab\u00a0canton\u00a0\u00bb et \u00ab\u00a0commune\u00a0\u00bb le canton et la commune suisses dans lesquels vous avez le droit de vote.<\/p>\n<p>Toute personne peut adresser une\u00a0<strong>p\u00e9tition\u00a0<\/strong>aux autorit\u00e9s. La notion de p\u00e9tition comprend des demandes, des critiques ou des plaintes. Une p\u00e9tition peut \u00eatre sign\u00e9e et m\u00eame lanc\u00e9e par toute personne dans le monde entier. En remplissant une feuille de signatures pour une p\u00e9tition, il suffit donc d&rsquo;indiquer l&rsquo;adresse \u00e0 l&rsquo;\u00e9tranger. Les feuilles de signatures doivent ensuite \u00eatre renvoy\u00e9es \u00e0 l&rsquo;auteur de la p\u00e9tition.<\/p>\n","protected":false},"excerpt":{"rendered":"<p>Droits politiques: signer une initiative populaire, un r\u00e9f\u00e9rendum ou une p\u00e9tition depuis l&rsquo;\u00e9tranger Si, en tant que Suissesse ou Suisse, vous signez une\u00a0initiative populaire ou un r\u00e9f\u00e9rendum\u00a0\u00e0 l&rsquo;\u00e9tranger, vous indiquez \u00e0 la rubrique \u00ab\u00a0adresse\u00a0\u00bb de la feuille de signatures votre adresse actuelle \u00e0 l&rsquo;\u00e9tranger. Mais n&rsquo;oubliez pas de mentionner aux rubriques \u00ab\u00a0canton\u00a0\u00bb et \u00ab\u00a0commune\u00a0\u00bb le [&hellip;]<\/p>\n","protected":false},"author":22,"featured_media":0,"parent":57,"menu_order":0,"comment_status":"closed","ping_status":"closed","template":"","meta":{"footnotes":""},"class_list":["post-61","page","type-page","status-publish","hentry"],"_links":{"self":[{"href":"https:\/\/www.svp-international.ch\/fr\/wp-json\/wp\/v2\/pages\/61","targetHints":{"allow":["GET"]}}],"collection":[{"href":"https:\/\/www.svp-international.ch\/fr\/wp-json\/wp\/v2\/pages"}],"about":[{"href":"https:\/\/www.svp-international.ch\/fr\/wp-json\/wp\/v2\/types\/page"}],"author":[{"embeddable":true,"href":"https:\/\/www.svp-international.ch\/fr\/wp-json\/wp\/v2\/users\/22"}],"replies":[{"embeddable":true,"href":"https:\/\/www.svp-international.ch\/fr\/wp-json\/wp\/v2\/comments?post=61"}],"version-history":[{"count":4,"href":"https:\/\/www.svp-international.ch\/fr\/wp-json\/wp\/v2\/pages\/61\/revisions"}],"predecessor-version":[{"id":817,"href":"https:\/\/www.svp-international.ch\/fr\/wp-json\/wp\/v2\/pages\/61\/revisions\/817"}],"up":[{"embeddable":true,"href":"https:\/\/www.svp-international.ch\/fr\/wp-json\/wp\/v2\/pages\/57"}],"wp:attachment":[{"href":"https:\/\/www.svp-international.ch\/fr\/wp-json\/wp\/v2\/media?parent=61"}],"curies":[{"name":"wp","href":"https:\/\/api.w.org\/{rel}","templated":true}]}}