{"id":681,"date":"2019-05-03T13:18:17","date_gmt":"2019-05-03T11:18:17","guid":{"rendered":"http:\/\/yyqrzwwvyb.cyon.link\/?page_id=681"},"modified":"2023-03-07T13:52:12","modified_gmt":"2023-03-07T12:52:12","slug":"contact","status":"publish","type":"page","link":"https:\/\/www.svp-international.ch\/fr\/contact\/","title":{"rendered":"Contact"},"content":{"rendered":"<p>Union d\u00e9mocratique du centre UDC<br \/>\nSecr\u00e9tariat g\u00e9n\u00e9ral<br \/>\nUDC International<br \/>\nPostfach<br \/>\nCH-3001 Berne<\/p>\n<p>Tel. <span class=\"baec5a81-e4d6-4674-97f3-e9220f0136c1\">+41 (0) 31 300 58 58<a title=\"Anrufen: +41 (0) 31 300 58 58\" href=\"http:\/\/svp-international.ch\/index.php#\"><img decoding=\"async\" title=\"Anrufen: +41 (0) 31 300 58 58\" src=\"data:image\/png;base64,iVBORw0KGgoAAAANSUhEUgAAABAAAAAQCAYAAAAf8\/9hAAABcklEQVR4XpXTPUvDUBTH4aR2c2hBQXGpTiIORhBcBOvgYKf0Awi+4Ggr1MVPIIrYdnEpShddHIyLi6AVXVxsRRDRwbi4KNgu4lCIv8i\/i6QRDzycy+09555LqOl5nhEUptPoJe1iDHU8oYlrlDw79m4QEbSLPexzsIc8hDRm8YBjLpj4q8EgxQdab+MNd4ghhQ2adIc1+ORAFEnWWfTDRp7GDfImlsIavKALLuqoqMGUCs4wHtagiQ5uc8kDyCOBKlP1k78QNTOZnMXCQRxWsbjl6iuskV41SQG2Gj9rikvcR1WcgKFDBa1LOEUK56hqv8BUFV3SGWkVS9JQ6Dsv4wQ1DKMPORUvkm78BhdQMI1CTa5I0yrcwSFqFD+SZ7DQesIkCG5S\/JpkHYERQRmuNsrZ7Grc+Ef8\/Bcoslkfae8Wc7CUHZ++TuAEBj86pHntjaDKXllPy6PW\/gkKFaThwp\/K87N8hDcQTTKKFTioSxqB8Q2BNX5JtAljwgAAAABJRU5ErkJggg==\" \/><\/a><\/span><\/p>\n<p><span id=\"cloak798d2c1b80a9061758ae450f02f363f8\"><span id=\"cloak65cdfbe861805085e05ce6e1fa37844d\"><\/span><a href=\"&#x6d;&#97;&#105;l&#x74;&#x6f;&#58;i&#x6e;&#x66;&#111;&#64;u&#x64;&#99;&#45;i&#x6e;&#x74;&#101;r&#x6e;&#x61;&#116;&#105;o&#x6e;&#x61;&#108;&#46;&#x63;&#x68;\">&#x69;&#110;&#x66;&#111;&#64;&#x75;&#100;c&#x2d;&#105;&#x6e;&#x74;e&#x72;&#110;a&#x74;&#105;&#x6f;&#x6e;a&#x6c;&#46;c&#x68;<\/a><\/span><\/p>\n","protected":false},"excerpt":{"rendered":"<p>Union d\u00e9mocratique du centre UDC Secr\u00e9tariat g\u00e9n\u00e9ral UDC International Postfach CH-3001 Berne Tel. +41 (0) 31 300 58 58 &#105;&#x6e;f&#x6f;&#x40;&#117;&#x64;c&#45;&#x69;&#110;&#x74;e&#114;&#x6e;a&#x74;i&#111;&#x6e;a&#x6c;&#x2e;&#99;&#x68;<\/p>\n","protected":false},"author":22,"featured_media":0,"parent":0,"menu_order":0,"comment_status":"closed","ping_status":"closed","template":"","meta":{"footnotes":""},"class_list":["post-681","page","type-page","status-publish","hentry"],"_links":{"self":[{"href":"https:\/\/www.svp-international.ch\/fr\/wp-json\/wp\/v2\/pages\/681","targetHints":{"allow":["GET"]}}],"collection":[{"href":"https:\/\/www.svp-international.ch\/fr\/wp-json\/wp\/v2\/pages"}],"about":[{"href":"https:\/\/www.svp-international.ch\/fr\/wp-json\/wp\/v2\/types\/page"}],"author":[{"embeddable":true,"href":"https:\/\/www.svp-international.ch\/fr\/wp-json\/wp\/v2\/users\/22"}],"replies":[{"embeddable":true,"href":"https:\/\/www.svp-international.ch\/fr\/wp-json\/wp\/v2\/comments?post=681"}],"version-history":[{"count":9,"href":"https:\/\/www.svp-international.ch\/fr\/wp-json\/wp\/v2\/pages\/681\/revisions"}],"predecessor-version":[{"id":1017,"href":"https:\/\/www.svp-international.ch\/fr\/wp-json\/wp\/v2\/pages\/681\/revisions\/1017"}],"wp:attachment":[{"href":"https:\/\/www.svp-international.ch\/fr\/wp-json\/wp\/v2\/media?parent=681"}],"curies":[{"name":"wp","href":"https:\/\/api.w.org\/{rel}","templated":true}]}}